{"id":1275,"date":"2025-03-28T06:58:09","date_gmt":"2025-03-28T05:58:09","guid":{"rendered":"https:\/\/wp.kodesolution.live\/2021\/business\/coprot\/?page_id=1275"},"modified":"2026-01-09T12:46:56","modified_gmt":"2026-01-09T11:46:56","slug":"contact-person","status":"publish","type":"page","link":"https:\/\/gt-himmel.com\/en\/ansprechpartner\/","title":{"rendered":"contact person"},"content":{"rendered":"<div data-elementor-type=\"wp-page\" data-elementor-id=\"1275\" class=\"elementor elementor-1275\" data-elementor-post-type=\"page\">\n\t\t\t\t<div class=\"elementor-element elementor-element-3dbd829 e-flex e-con-boxed e-con e-parent\" data-id=\"3dbd829\" data-element_type=\"container\" data-e-type=\"container\">\n\t\t\t\t\t<div class=\"e-con-inner\">\n\t\t<div class=\"elementor-element elementor-element-77fa15e e-con-full e-flex e-con e-child\" data-id=\"77fa15e\" data-element_type=\"container\" data-e-type=\"container\">\n\t\t\t\t<div class=\"elementor-element elementor-element-6909ca4 elementor-widget elementor-widget-image\" data-id=\"6909ca4\" data-element_type=\"widget\" data-e-type=\"widget\" data-widget_type=\"image.default\">\n\t\t\t\t\t\t\t\t\t\t\t\t\t\t\t<img decoding=\"async\" width=\"72\" height=\"72\" src=\"https:\/\/gt-himmel.com\/wp-content\/uploads\/2022\/11\/icon-72x72-1.png\" class=\"attachment-large size-large wp-image-53241\" alt=\"Stylized icon with a sky and a mountain in blue and yellow colors.\" \/>\t\t\t\t\t\t\t\t\t\t\t\t\t\t\t<\/div>\n\t\t\t\t<div class=\"elementor-element elementor-element-d335d86 elementor-widget elementor-widget-qi_addons_for_elementor_section_title\" data-id=\"d335d86\" data-element_type=\"widget\" data-e-type=\"widget\" data-widget_type=\"qi_addons_for_elementor_section_title.default\">\n\t\t\t\t<div class=\"elementor-widget-container\">\n\t\t\t\t\t<div class=\"qodef-shortcode qodef-m qodef-qi-section-title qodef-decoration--italic qodef-link--underline-draw qodef-subtitle-icon--left\">\n\t\t\t\t\t\t<h1 class=\"qodef-m-title\">\n\t\tYour contact at Gastechnik Himmel\t<\/h1>\n\t\t\t<\/div>\n\t\t\t\t<\/div>\n\t\t\t\t<\/div>\n\t\t\t\t<div class=\"elementor-element elementor-element-fb42bc5 elementor-widget elementor-widget-accordion\" data-id=\"fb42bc5\" data-element_type=\"widget\" data-e-type=\"widget\" id=\"contact-acc\" data-widget_type=\"accordion.default\">\n\t\t\t\t\t\t\t<div class=\"elementor-accordion\">\n\t\t\t\t\t\t\t<div class=\"elementor-accordion-item\">\n\t\t\t\t\t<h5 id=\"elementor-tab-title-2631\" class=\"elementor-tab-title\" data-tab=\"1\" role=\"button\" aria-controls=\"elementor-tab-content-2631\" aria-expanded=\"false\">\n\t\t\t\t\t\t\t\t\t\t\t\t\t<span class=\"elementor-accordion-icon elementor-accordion-icon-right\" aria-hidden=\"true\">\n\t\t\t\t\t\t\t\t\t\t\t\t\t\t\t<span class=\"elementor-accordion-icon-closed\"><i class=\"fas fa-chevron-down\"><\/i><\/span>\n\t\t\t\t\t\t\t\t<span class=\"elementor-accordion-icon-opened\"><i class=\"fas fa-chevron-up\"><\/i><\/span>\n\t\t\t\t\t\t\t\t\t\t\t\t\t\t<\/span>\n\t\t\t\t\t\t\t\t\t\t\t\t<a class=\"elementor-accordion-title\" tabindex=\"0\">Management, Sales<\/a>\n\t\t\t\t\t<\/h5>\n\t\t\t\t\t<div id=\"elementor-tab-content-2631\" class=\"elementor-tab-content elementor-clearfix\" data-tab=\"1\" role=\"region\" aria-labelledby=\"elementor-tab-title-2631\"><p><strong>Ing. Heinz Himmel<\/strong><\/p><p>Phone: <a href=\"tel:+4322626136913\">+43 2262 613 69 13<\/a><br \/>Mobile: <a href=\"tel:+436649691211\">+43 664 969 12 11<\/a><br \/>E-mail: <a href=\"mailto:himmel@gt-himmel.com\">himmel@gt-himmel.com<\/a><\/p><\/div>\n\t\t\t\t<\/div>\n\t\t\t\t\t\t\t<div class=\"elementor-accordion-item\">\n\t\t\t\t\t<h5 id=\"elementor-tab-title-2632\" class=\"elementor-tab-title\" data-tab=\"2\" role=\"button\" aria-controls=\"elementor-tab-content-2632\" aria-expanded=\"false\">\n\t\t\t\t\t\t\t\t\t\t\t\t\t<span class=\"elementor-accordion-icon elementor-accordion-icon-right\" aria-hidden=\"true\">\n\t\t\t\t\t\t\t\t\t\t\t\t\t\t\t<span class=\"elementor-accordion-icon-closed\"><i class=\"fas fa-chevron-down\"><\/i><\/span>\n\t\t\t\t\t\t\t\t<span class=\"elementor-accordion-icon-opened\"><i class=\"fas fa-chevron-up\"><\/i><\/span>\n\t\t\t\t\t\t\t\t\t\t\t\t\t\t<\/span>\n\t\t\t\t\t\t\t\t\t\t\t\t<a class=\"elementor-accordion-title\" tabindex=\"0\">Authorized signatory, technical manager, project manager, operations manager<\/a>\n\t\t\t\t\t<\/h5>\n\t\t\t\t\t<div id=\"elementor-tab-content-2632\" class=\"elementor-tab-content elementor-clearfix\" data-tab=\"2\" role=\"region\" aria-labelledby=\"elementor-tab-title-2632\"><p><strong>Marco Gerhartl<\/strong><\/p><p>Phone: <a href=\"tel:+4322626136912\">+43 2262 613 69 12<\/a><br \/>Mobile: <a href=\"tel:+436649691213\">+43 664 969 12 13<\/a><br \/>E-mail: <a href=\"mailto:gerhartl@gt-himmel.com\">gerhartl@gt-himmel.com<\/a><\/p><\/div>\n\t\t\t\t<\/div>\n\t\t\t\t\t\t\t<div class=\"elementor-accordion-item\">\n\t\t\t\t\t<h5 id=\"elementor-tab-title-2633\" class=\"elementor-tab-title\" data-tab=\"3\" role=\"button\" aria-controls=\"elementor-tab-content-2633\" aria-expanded=\"false\">\n\t\t\t\t\t\t\t\t\t\t\t\t\t<span class=\"elementor-accordion-icon elementor-accordion-icon-right\" aria-hidden=\"true\">\n\t\t\t\t\t\t\t\t\t\t\t\t\t\t\t<span class=\"elementor-accordion-icon-closed\"><i class=\"fas fa-chevron-down\"><\/i><\/span>\n\t\t\t\t\t\t\t\t<span class=\"elementor-accordion-icon-opened\"><i class=\"fas fa-chevron-up\"><\/i><\/span>\n\t\t\t\t\t\t\t\t\t\t\t\t\t\t<\/span>\n\t\t\t\t\t\t\t\t\t\t\t\t<a class=\"elementor-accordion-title\" tabindex=\"0\">Management Assistant, Accounting, Invoicing, Order Processing, Logistics<\/a>\n\t\t\t\t\t<\/h5>\n\t\t\t\t\t<div id=\"elementor-tab-content-2633\" class=\"elementor-tab-content elementor-clearfix\" data-tab=\"3\" role=\"region\" aria-labelledby=\"elementor-tab-title-2633\"><p><strong>Michaela Hollander<\/strong><\/p><p>Phone: <a href=\"tel:+4322626136926\">+43 2262 613 69 26<\/a><br \/>Mobile: <a href=\"tel:+436649691207\">+43 664 969 12 07<\/a><br \/>E-mail: <a href=\"mailto:mia.hollander@gt-himmel.com\">mia.hollander@gt-himmel.com<\/a><\/p><\/div>\n\t\t\t\t<\/div>\n\t\t\t\t\t\t\t<div class=\"elementor-accordion-item\">\n\t\t\t\t\t<h5 id=\"elementor-tab-title-2634\" class=\"elementor-tab-title\" data-tab=\"4\" role=\"button\" aria-controls=\"elementor-tab-content-2634\" aria-expanded=\"false\">\n\t\t\t\t\t\t\t\t\t\t\t\t\t<span class=\"elementor-accordion-icon elementor-accordion-icon-right\" aria-hidden=\"true\">\n\t\t\t\t\t\t\t\t\t\t\t\t\t\t\t<span class=\"elementor-accordion-icon-closed\"><i class=\"fas fa-chevron-down\"><\/i><\/span>\n\t\t\t\t\t\t\t\t<span class=\"elementor-accordion-icon-opened\"><i class=\"fas fa-chevron-up\"><\/i><\/span>\n\t\t\t\t\t\t\t\t\t\t\t\t\t\t<\/span>\n\t\t\t\t\t\t\t\t\t\t\t\t<a class=\"elementor-accordion-title\" tabindex=\"0\">service<\/a>\n\t\t\t\t\t<\/h5>\n\t\t\t\t\t<div id=\"elementor-tab-content-2634\" class=\"elementor-tab-content elementor-clearfix\" data-tab=\"4\" role=\"region\" aria-labelledby=\"elementor-tab-title-2634\"><p><strong>Ing. Matthias Holzinger<\/strong><\/p><p>Phone: <a href=\"tel:+4322626136917\">+43 2262 613 69 17<\/a><br \/>Mobile: <a href=\"tel:+436649691208\">+43 664 969 12 08<\/a><br \/>E-mail: <a href=\"mailto:holzinger@gt-himmel.com\">holzinger@gt-himmel.com<\/a><\/p><p><strong>Almir Subasic<\/strong><\/p><p>Phone: <a href=\"tel:+4322626136915\">+43 2262 613 69 15<\/a><br \/>Mobile: <a href=\"tel:+4366488518456\">+43 664 885 18 456<\/a><br \/>E-mail: <a href=\"mailto:subasic@gt-himmel.com\">subasic@gt-himmel.com<\/a><\/p><p><strong>Mirza Zahirovic<\/strong><\/p><p>Phone: <a href=\"tel:+4322626136927\">+43 2262 613 69 27<\/a><br \/>Mobile: <a href=\"tel:+4366488747913\">+43 664 887 47 913<\/a><br \/>E-mail: <a href=\"mailto:zahirovic@gt-himmel.com\">zahirovic@gt-himmel.com<\/a><\/p><\/div>\n\t\t\t\t<\/div>\n\t\t\t\t\t\t\t<div class=\"elementor-accordion-item\">\n\t\t\t\t\t<h5 id=\"elementor-tab-title-2635\" class=\"elementor-tab-title\" data-tab=\"5\" role=\"button\" aria-controls=\"elementor-tab-content-2635\" aria-expanded=\"false\">\n\t\t\t\t\t\t\t\t\t\t\t\t\t<span class=\"elementor-accordion-icon elementor-accordion-icon-right\" aria-hidden=\"true\">\n\t\t\t\t\t\t\t\t\t\t\t\t\t\t\t<span class=\"elementor-accordion-icon-closed\"><i class=\"fas fa-chevron-down\"><\/i><\/span>\n\t\t\t\t\t\t\t\t<span class=\"elementor-accordion-icon-opened\"><i class=\"fas fa-chevron-up\"><\/i><\/span>\n\t\t\t\t\t\t\t\t\t\t\t\t\t\t<\/span>\n\t\t\t\t\t\t\t\t\t\t\t\t<a class=\"elementor-accordion-title\" tabindex=\"0\">Construction, documentation<\/a>\n\t\t\t\t\t<\/h5>\n\t\t\t\t\t<div id=\"elementor-tab-content-2635\" class=\"elementor-tab-content elementor-clearfix\" data-tab=\"5\" role=\"region\" aria-labelledby=\"elementor-tab-title-2635\"><p><b>Ing. Stefan Steindl<\/b><\/p><p>Phone: <a href=\"tel:+4322626136920\">+43 2262 613 69 20<\/a><br \/>E-mail: <a href=\"mailto:steindl@gt-himmel.com\">steindl@gt-himmel.com<\/a><\/p><\/div>\n\t\t\t\t<\/div>\n\t\t\t\t\t\t\t<div class=\"elementor-accordion-item\">\n\t\t\t\t\t<h5 id=\"elementor-tab-title-2636\" class=\"elementor-tab-title\" data-tab=\"6\" role=\"button\" aria-controls=\"elementor-tab-content-2636\" aria-expanded=\"false\">\n\t\t\t\t\t\t\t\t\t\t\t\t\t<span class=\"elementor-accordion-icon elementor-accordion-icon-right\" aria-hidden=\"true\">\n\t\t\t\t\t\t\t\t\t\t\t\t\t\t\t<span class=\"elementor-accordion-icon-closed\"><i class=\"fas fa-chevron-down\"><\/i><\/span>\n\t\t\t\t\t\t\t\t<span class=\"elementor-accordion-icon-opened\"><i class=\"fas fa-chevron-up\"><\/i><\/span>\n\t\t\t\t\t\t\t\t\t\t\t\t\t\t<\/span>\n\t\t\t\t\t\t\t\t\t\t\t\t<a class=\"elementor-accordion-title\" tabindex=\"0\">Purchasing, Project Planning<\/a>\n\t\t\t\t\t<\/h5>\n\t\t\t\t\t<div id=\"elementor-tab-content-2636\" class=\"elementor-tab-content elementor-clearfix\" data-tab=\"6\" role=\"region\" aria-labelledby=\"elementor-tab-title-2636\"><p><b>Patrick Maletschek<\/b><\/p><p>Phone: <a href=\"tel:+4322626136918\">+43 2262 613 69 18<\/a><br \/>E-mail: <a href=\"mailto:maletschek@gt-himmel.com\">maletschek@gt-himmel.com<\/a><\/p><\/div>\n\t\t\t\t<\/div>\n\t\t\t\t\t\t\t<div class=\"elementor-accordion-item\">\n\t\t\t\t\t<h5 id=\"elementor-tab-title-2637\" class=\"elementor-tab-title\" data-tab=\"7\" role=\"button\" aria-controls=\"elementor-tab-content-2637\" aria-expanded=\"false\">\n\t\t\t\t\t\t\t\t\t\t\t\t\t<span class=\"elementor-accordion-icon elementor-accordion-icon-right\" aria-hidden=\"true\">\n\t\t\t\t\t\t\t\t\t\t\t\t\t\t\t<span class=\"elementor-accordion-icon-closed\"><i class=\"fas fa-chevron-down\"><\/i><\/span>\n\t\t\t\t\t\t\t\t<span class=\"elementor-accordion-icon-opened\"><i class=\"fas fa-chevron-up\"><\/i><\/span>\n\t\t\t\t\t\t\t\t\t\t\t\t\t\t<\/span>\n\t\t\t\t\t\t\t\t\t\t\t\t<a class=\"elementor-accordion-title\" tabindex=\"0\">Electrics<\/a>\n\t\t\t\t\t<\/h5>\n\t\t\t\t\t<div id=\"elementor-tab-content-2637\" class=\"elementor-tab-content elementor-clearfix\" data-tab=\"7\" role=\"region\" aria-labelledby=\"elementor-tab-title-2637\"><p><strong>Stefan Trimmel | Head of Electrical<\/strong><\/p><p>Phone: <a href=\"tel:+4322626136914\">+43 2262 613 69 14<\/a><br \/>Mobile: <a href=\"tel:+436649691215\">+43 664 969 12 15<\/a><br \/>E-mail: <a href=\"mailto:trimmel@gt-himmel.com\">trimmel@gt-himmel.com<\/a><\/p><p><strong>Andreas Markl<\/strong><\/p><p>Phone: <a href=\"tel:+4322626136925\">+43 2262 613 69 25<\/a><br \/>Mobile: <a href=\"tel:+436648517239\">+43 664 851 72 39<\/a><br \/>E-mail: <a href=\"mailto:markl@gt-himmel.com\">markl@gt-himmel.com<\/a><\/p><\/div>\n\t\t\t\t<\/div>\n\t\t\t\t\t\t\t\t<\/div>\n\t\t\t\t\t\t<\/div>\n\t\t\t\t<\/div>\n\t\t\t\t\t<\/div>\n\t\t\t\t<\/div>\n\t\t\t\t<\/div>","protected":false},"excerpt":{"rendered":"<p>Your contacts at Gastechnik Himmel: Management, Sales: Ing. Heinz Himmel Tel.: +43 2262 613 69 13 Mobile: +43 664 969 12 11 Email: himmel@gt-himmel.com Authorized signatory, Technical Director, Project Manager, Operations Manager: Marco Gerhartl Tel.: +43 2262 613 69 12 Mobile: +43 664 969 12 13 Email: gerhartl@gt-himmel.com Executive Assistant, Accounting, Invoicing, Order Processing, Logistics: Michaela Hollander Tel.: +43 2262 613 69\u2026 <a class=\"continue\" href=\"https:\/\/gt-himmel.com\/en\/ansprechpartner\/\">Read more<span> contact person<\/span><\/a><\/p>","protected":false},"author":1,"featured_media":0,"parent":0,"menu_order":0,"comment_status":"closed","ping_status":"closed","template":"","meta":{"footnotes":""},"class_list":["post-1275","page","type-page","status-publish","hentry"],"yoast_head":"<!-- This site is optimized with the Yoast SEO plugin v27.3 - https:\/\/yoast.com\/product\/yoast-seo-wordpress\/ -->\n<title>Ansprechpartner - Gastechnik Himmel GmbH<\/title>\n<meta name=\"description\" content=\"Lernen Sie hier unsere kompetenten Ansprechpartner kennen. Wir freuen uns, wenn wir sie \u00fcber unsere Gastechnikl\u00f6sungen beraten k\u00f6nnen.\" \/>\n<meta name=\"robots\" content=\"index, follow, max-snippet:-1, max-image-preview:large, max-video-preview:-1\" \/>\n<link rel=\"canonical\" href=\"https:\/\/gt-himmel.com\/en\/contact-person\/\" \/>\n<meta property=\"og:locale\" content=\"en_GB\" \/>\n<meta property=\"og:type\" content=\"article\" \/>\n<meta property=\"og:title\" content=\"Ansprechpartner - Gastechnik Himmel GmbH\" \/>\n<meta property=\"og:description\" content=\"Lernen Sie hier unsere kompetenten Ansprechpartner kennen. Wir freuen uns, wenn wir sie \u00fcber unsere Gastechnikl\u00f6sungen beraten k\u00f6nnen.\" \/>\n<meta property=\"og:url\" content=\"https:\/\/gt-himmel.com\/en\/contact-person\/\" \/>\n<meta property=\"og:site_name\" content=\"Gastechnik Himmel GmbH\" \/>\n<meta property=\"article:modified_time\" content=\"2026-01-09T11:46:56+00:00\" \/>\n<meta property=\"og:image\" content=\"https:\/\/gt-himmel.com\/wp-content\/uploads\/2022\/11\/icon-72x72-1.png\" \/>\n\t<meta property=\"og:image:width\" content=\"72\" \/>\n\t<meta property=\"og:image:height\" content=\"72\" \/>\n\t<meta property=\"og:image:type\" content=\"image\/png\" \/>\n<meta name=\"twitter:card\" content=\"summary_large_image\" \/>\n<meta name=\"twitter:label1\" content=\"Estimated reading time\" \/>\n\t<meta name=\"twitter:data1\" content=\"1 minute\" \/>\n<script type=\"application\/ld+json\" class=\"yoast-schema-graph\">{\"@context\":\"https:\\\/\\\/schema.org\",\"@graph\":[{\"@type\":\"WebPage\",\"@id\":\"https:\\\/\\\/gt-himmel.com\\\/ansprechpartner\\\/\",\"url\":\"https:\\\/\\\/gt-himmel.com\\\/ansprechpartner\\\/\",\"name\":\"Ansprechpartner - Gastechnik Himmel GmbH\",\"isPartOf\":{\"@id\":\"https:\\\/\\\/gt-himmel.com\\\/#website\"},\"primaryImageOfPage\":{\"@id\":\"https:\\\/\\\/gt-himmel.com\\\/ansprechpartner\\\/#primaryimage\"},\"image\":{\"@id\":\"https:\\\/\\\/gt-himmel.com\\\/ansprechpartner\\\/#primaryimage\"},\"thumbnailUrl\":\"https:\\\/\\\/gt-himmel.com\\\/wp-content\\\/uploads\\\/2022\\\/11\\\/icon-72x72-1.png\",\"datePublished\":\"2025-03-28T05:58:09+00:00\",\"dateModified\":\"2026-01-09T11:46:56+00:00\",\"description\":\"Lernen Sie hier unsere kompetenten Ansprechpartner kennen. Wir freuen uns, wenn wir sie \u00fcber unsere Gastechnikl\u00f6sungen beraten k\u00f6nnen.\",\"breadcrumb\":{\"@id\":\"https:\\\/\\\/gt-himmel.com\\\/ansprechpartner\\\/#breadcrumb\"},\"inLanguage\":\"en-GB\",\"potentialAction\":[{\"@type\":\"ReadAction\",\"target\":[\"https:\\\/\\\/gt-himmel.com\\\/ansprechpartner\\\/\"]}]},{\"@type\":\"ImageObject\",\"inLanguage\":\"en-GB\",\"@id\":\"https:\\\/\\\/gt-himmel.com\\\/ansprechpartner\\\/#primaryimage\",\"url\":\"https:\\\/\\\/gt-himmel.com\\\/wp-content\\\/uploads\\\/2022\\\/11\\\/icon-72x72-1.png\",\"contentUrl\":\"https:\\\/\\\/gt-himmel.com\\\/wp-content\\\/uploads\\\/2022\\\/11\\\/icon-72x72-1.png\"},{\"@type\":\"BreadcrumbList\",\"@id\":\"https:\\\/\\\/gt-himmel.com\\\/ansprechpartner\\\/#breadcrumb\",\"itemListElement\":[{\"@type\":\"ListItem\",\"position\":1,\"name\":\"Startseite\",\"item\":\"https:\\\/\\\/gt-himmel.com\\\/\"},{\"@type\":\"ListItem\",\"position\":2,\"name\":\"Ansprechpartner\"}]},{\"@type\":\"WebSite\",\"@id\":\"https:\\\/\\\/gt-himmel.com\\\/#website\",\"url\":\"https:\\\/\\\/gt-himmel.com\\\/\",\"name\":\"Gastechnik Himmel GmbH\",\"description\":\"\",\"publisher\":{\"@id\":\"https:\\\/\\\/gt-himmel.com\\\/#organization\"},\"potentialAction\":[{\"@type\":\"SearchAction\",\"target\":{\"@type\":\"EntryPoint\",\"urlTemplate\":\"https:\\\/\\\/gt-himmel.com\\\/?s={search_term_string}\"},\"query-input\":{\"@type\":\"PropertyValueSpecification\",\"valueRequired\":true,\"valueName\":\"search_term_string\"}}],\"inLanguage\":\"en-GB\"},{\"@type\":\"Organization\",\"@id\":\"https:\\\/\\\/gt-himmel.com\\\/#organization\",\"name\":\"Gastechnik Himmel GmbH\",\"url\":\"https:\\\/\\\/gt-himmel.com\\\/\",\"logo\":{\"@type\":\"ImageObject\",\"inLanguage\":\"en-GB\",\"@id\":\"https:\\\/\\\/gt-himmel.com\\\/#\\\/schema\\\/logo\\\/image\\\/\",\"url\":\"https:\\\/\\\/gt-himmel.com\\\/wp-content\\\/uploads\\\/2021\\\/09\\\/gth-logo-xl-500.png\",\"contentUrl\":\"https:\\\/\\\/gt-himmel.com\\\/wp-content\\\/uploads\\\/2021\\\/09\\\/gth-logo-xl-500.png\",\"width\":500,\"height\":217,\"caption\":\"Gastechnik Himmel GmbH\"},\"image\":{\"@id\":\"https:\\\/\\\/gt-himmel.com\\\/#\\\/schema\\\/logo\\\/image\\\/\"}}]}<\/script>\n<!-- \/ Yoast SEO plugin. -->","yoast_head_json":{"title":"Contact - Gastechnik Himmel GmbH","description":"Get to know our expert contacts here. We look forward to advising you on our gas technology solutions.","robots":{"index":"index","follow":"follow","max-snippet":"max-snippet:-1","max-image-preview":"max-image-preview:large","max-video-preview":"max-video-preview:-1"},"canonical":"https:\/\/gt-himmel.com\/en\/contact-person\/","og_locale":"en_GB","og_type":"article","og_title":"Ansprechpartner - Gastechnik Himmel GmbH","og_description":"Lernen Sie hier unsere kompetenten Ansprechpartner kennen. Wir freuen uns, wenn wir sie \u00fcber unsere Gastechnikl\u00f6sungen beraten k\u00f6nnen.","og_url":"https:\/\/gt-himmel.com\/en\/contact-person\/","og_site_name":"Gastechnik Himmel GmbH","article_modified_time":"2026-01-09T11:46:56+00:00","og_image":[{"width":72,"height":72,"url":"https:\/\/gt-himmel.com\/wp-content\/uploads\/2022\/11\/icon-72x72-1.png","type":"image\/png"}],"twitter_card":"summary_large_image","twitter_misc":{"Estimated reading time":"1 minute"},"schema":{"@context":"https:\/\/schema.org","@graph":[{"@type":"WebPage","@id":"https:\/\/gt-himmel.com\/ansprechpartner\/","url":"https:\/\/gt-himmel.com\/ansprechpartner\/","name":"Contact - Gastechnik Himmel GmbH","isPartOf":{"@id":"https:\/\/gt-himmel.com\/#website"},"primaryImageOfPage":{"@id":"https:\/\/gt-himmel.com\/ansprechpartner\/#primaryimage"},"image":{"@id":"https:\/\/gt-himmel.com\/ansprechpartner\/#primaryimage"},"thumbnailUrl":"https:\/\/gt-himmel.com\/wp-content\/uploads\/2022\/11\/icon-72x72-1.png","datePublished":"2025-03-28T05:58:09+00:00","dateModified":"2026-01-09T11:46:56+00:00","description":"Get to know our expert contacts here. We look forward to advising you on our gas technology solutions.","breadcrumb":{"@id":"https:\/\/gt-himmel.com\/ansprechpartner\/#breadcrumb"},"inLanguage":"en-GB","potentialAction":[{"@type":"ReadAction","target":["https:\/\/gt-himmel.com\/ansprechpartner\/"]}]},{"@type":"ImageObject","inLanguage":"en-GB","@id":"https:\/\/gt-himmel.com\/ansprechpartner\/#primaryimage","url":"https:\/\/gt-himmel.com\/wp-content\/uploads\/2022\/11\/icon-72x72-1.png","contentUrl":"https:\/\/gt-himmel.com\/wp-content\/uploads\/2022\/11\/icon-72x72-1.png"},{"@type":"BreadcrumbList","@id":"https:\/\/gt-himmel.com\/ansprechpartner\/#breadcrumb","itemListElement":[{"@type":"ListItem","position":1,"name":"Startseite","item":"https:\/\/gt-himmel.com\/"},{"@type":"ListItem","position":2,"name":"Ansprechpartner"}]},{"@type":"WebSite","@id":"https:\/\/gt-himmel.com\/#website","url":"https:\/\/gt-himmel.com\/","name":"Gastechnik Himmel GmbH","description":"","publisher":{"@id":"https:\/\/gt-himmel.com\/#organization"},"potentialAction":[{"@type":"SearchAction","target":{"@type":"EntryPoint","urlTemplate":"https:\/\/gt-himmel.com\/?s={search_term_string}"},"query-input":{"@type":"PropertyValueSpecification","valueRequired":true,"valueName":"search_term_string"}}],"inLanguage":"en-GB"},{"@type":"Organization","@id":"https:\/\/gt-himmel.com\/#organization","name":"Gastechnik Himmel GmbH","url":"https:\/\/gt-himmel.com\/","logo":{"@type":"ImageObject","inLanguage":"en-GB","@id":"https:\/\/gt-himmel.com\/#\/schema\/logo\/image\/","url":"https:\/\/gt-himmel.com\/wp-content\/uploads\/2021\/09\/gth-logo-xl-500.png","contentUrl":"https:\/\/gt-himmel.com\/wp-content\/uploads\/2021\/09\/gth-logo-xl-500.png","width":500,"height":217,"caption":"Gastechnik Himmel GmbH"},"image":{"@id":"https:\/\/gt-himmel.com\/#\/schema\/logo\/image\/"}}]}},"_links":{"self":[{"href":"https:\/\/gt-himmel.com\/en\/wp-json\/wp\/v2\/pages\/1275","targetHints":{"allow":["GET"]}}],"collection":[{"href":"https:\/\/gt-himmel.com\/en\/wp-json\/wp\/v2\/pages"}],"about":[{"href":"https:\/\/gt-himmel.com\/en\/wp-json\/wp\/v2\/types\/page"}],"author":[{"embeddable":true,"href":"https:\/\/gt-himmel.com\/en\/wp-json\/wp\/v2\/users\/1"}],"replies":[{"embeddable":true,"href":"https:\/\/gt-himmel.com\/en\/wp-json\/wp\/v2\/comments?post=1275"}],"version-history":[{"count":15,"href":"https:\/\/gt-himmel.com\/en\/wp-json\/wp\/v2\/pages\/1275\/revisions"}],"predecessor-version":[{"id":56735,"href":"https:\/\/gt-himmel.com\/en\/wp-json\/wp\/v2\/pages\/1275\/revisions\/56735"}],"wp:attachment":[{"href":"https:\/\/gt-himmel.com\/en\/wp-json\/wp\/v2\/media?parent=1275"}],"curies":[{"name":"wp","href":"https:\/\/api.w.org\/{rel}","templated":true}]}}