{"id":52322,"date":"2025-03-28T13:15:50","date_gmt":"2025-03-28T12:15:50","guid":{"rendered":"https:\/\/gt-himmel.com\/?page_id=52322"},"modified":"2025-06-23T10:09:11","modified_gmt":"2025-06-23T08:09:11","slug":"procedure-implementation","status":"publish","type":"page","link":"https:\/\/gt-himmel.com\/en\/verfahren-umsetzung\/","title":{"rendered":"Procedure &amp; Implementation"},"content":{"rendered":"<div data-elementor-type=\"wp-page\" data-elementor-id=\"52322\" class=\"elementor elementor-52322\" data-elementor-post-type=\"page\">\n\t\t\t\t<div class=\"elementor-element elementor-element-ba06a09 e-flex e-con-boxed e-con e-parent\" data-id=\"ba06a09\" data-element_type=\"container\" data-e-type=\"container\">\n\t\t\t\t\t<div class=\"e-con-inner\">\n\t\t<div class=\"elementor-element elementor-element-d59b086 e-con-full e-flex e-con e-child\" data-id=\"d59b086\" data-element_type=\"container\" data-e-type=\"container\" id=\"image-box-shadow\">\n\t\t\t\t<div class=\"elementor-element elementor-element-f18d8ff elementor-widget elementor-widget-image\" data-id=\"f18d8ff\" data-element_type=\"widget\" data-e-type=\"widget\" data-widget_type=\"image.default\">\n\t\t\t\t\t\t\t\t\t\t\t\t\t\t\t<img fetchpriority=\"high\" decoding=\"async\" width=\"674\" height=\"898\" src=\"https:\/\/gt-himmel.com\/wp-content\/uploads\/2021\/05\/gah-module_04.jpg\" class=\"attachment-full size-full wp-image-53258\" alt=\"Range of stainless steel Sepuran\u00ae membrane modules with flexible hoses and valves.\" srcset=\"https:\/\/gt-himmel.com\/wp-content\/uploads\/2021\/05\/gah-module_04.jpg 674w, https:\/\/gt-himmel.com\/wp-content\/uploads\/2021\/05\/gah-module_04-225x300.jpg 225w, https:\/\/gt-himmel.com\/wp-content\/uploads\/2021\/05\/gah-module_04-600x800.jpg 600w, https:\/\/gt-himmel.com\/wp-content\/uploads\/2021\/05\/gah-module_04-400x532.jpg 400w\" sizes=\"(max-width: 674px) 100vw, 674px\" \/>\t\t\t\t\t\t\t\t\t\t\t\t\t\t\t<\/div>\n\t\t\t\t<\/div>\n\t\t<div class=\"elementor-element elementor-element-e7234f9 e-con-full e-flex e-con e-child\" data-id=\"e7234f9\" data-element_type=\"container\" data-e-type=\"container\">\n\t\t\t\t<div class=\"elementor-element elementor-element-fbcc921 elementor-widget elementor-widget-image\" data-id=\"fbcc921\" data-element_type=\"widget\" data-e-type=\"widget\" data-widget_type=\"image.default\">\n\t\t\t\t\t\t\t\t\t\t\t\t\t\t\t<img decoding=\"async\" width=\"72\" height=\"72\" src=\"https:\/\/gt-himmel.com\/wp-content\/uploads\/2022\/11\/icon-72x72-1.png\" class=\"attachment-large size-large wp-image-53241\" alt=\"Stylized icon with a sky and a mountain in blue and yellow colors.\" \/>\t\t\t\t\t\t\t\t\t\t\t\t\t\t\t<\/div>\n\t\t\t\t<div class=\"elementor-element elementor-element-a17ca08 elementor-widget elementor-widget-qi_addons_for_elementor_section_title\" data-id=\"a17ca08\" data-element_type=\"widget\" data-e-type=\"widget\" data-widget_type=\"qi_addons_for_elementor_section_title.default\">\n\t\t\t\t<div class=\"elementor-widget-container\">\n\t\t\t\t\t<div class=\"qodef-shortcode qodef-m qodef-qi-section-title qodef-decoration--italic qodef-link--underline-draw qodef-subtitle-icon--left\">\n\t\t\t\t\t\t<h1 class=\"qodef-m-title\">\n\t\tBioMem \u2013 the key technology for biomethane in natural gas quality\t<\/h1>\n\t\t\t<\/div>\n\t\t\t\t<\/div>\n\t\t\t\t<\/div>\n\t\t\t\t<div class=\"elementor-element elementor-element-158cc45 elementor-widget elementor-widget-text-editor\" data-id=\"158cc45\" data-element_type=\"widget\" data-e-type=\"widget\" data-widget_type=\"text-editor.default\">\n\t\t\t\t\t\t\t\t\t<p>BioMem \u2013 the key technology for biomethane in natural gas quality<br \/>On the way from biogas to biomethane of natural gas quality, the raw gas is first compressed to 10 \u2013 16 bar using a high-pressure compressor.<\/p><p>The waste heat from the compression process can be made available for extraction via a heat exchanger. The compression stage is followed by a drying stage with temperature control and an activated carbon filter.<\/p><p>The next step is the most important one: the separation of CO2 and water vapor using highly selective hollow fiber membranes. This is based on the different permeabilities (migration speeds) of gases in polymers.<\/p><p>The SEPURAN\u00ae Green membrane module from Evonik is the innovative heart of the plant.<\/p>\t\t\t\t\t\t\t\t<\/div>\n\t\t\t\t<\/div>\n\t\t\t\t\t<\/div>\n\t\t\t\t<\/div>\n\t\t<div class=\"elementor-element elementor-element-fab55c5 e-flex e-con-boxed e-con e-parent\" data-id=\"fab55c5\" data-element_type=\"container\" data-e-type=\"container\" data-settings=\"{&quot;background_background&quot;:&quot;classic&quot;}\">\n\t\t\t\t\t<div class=\"e-con-inner\">\n\t\t\t\t\t<\/div>\n\t\t\t\t<\/div>\n\t\t<div class=\"elementor-element elementor-element-fb321f0 e-flex e-con-boxed e-con e-parent\" data-id=\"fb321f0\" data-element_type=\"container\" data-e-type=\"container\">\n\t\t\t\t\t<div class=\"e-con-inner\">\n\t\t<div class=\"elementor-element elementor-element-8058b23 e-con-full e-flex e-con e-child\" data-id=\"8058b23\" data-element_type=\"container\" data-e-type=\"container\">\n\t\t<div class=\"elementor-element elementor-element-0d73166 e-con-full e-flex e-con e-child\" data-id=\"0d73166\" data-element_type=\"container\" data-e-type=\"container\">\n\t\t<div class=\"elementor-element elementor-element-f41f46a e-con-full e-flex e-con e-child\" data-id=\"f41f46a\" data-element_type=\"container\" data-e-type=\"container\" data-settings=\"{&quot;background_background&quot;:&quot;classic&quot;}\">\n\t\t\t\t<div class=\"elementor-element elementor-element-bcdc87a elementor-widget elementor-widget-image\" data-id=\"bcdc87a\" data-element_type=\"widget\" data-e-type=\"widget\" data-widget_type=\"image.default\">\n\t\t\t\t\t\t\t\t\t\t\t\t\t\t\t<img decoding=\"async\" width=\"72\" height=\"72\" src=\"https:\/\/gt-himmel.com\/wp-content\/uploads\/2022\/11\/icon-72x72-1.png\" class=\"attachment-large size-large wp-image-53241\" alt=\"Stylized icon with a sky and a mountain in blue and yellow colors.\" \/>\t\t\t\t\t\t\t\t\t\t\t\t\t\t\t<\/div>\n\t\t\t\t<div class=\"elementor-element elementor-element-43efac2 elementor-widget elementor-widget-qi_addons_for_elementor_section_title\" data-id=\"43efac2\" data-element_type=\"widget\" data-e-type=\"widget\" data-widget_type=\"qi_addons_for_elementor_section_title.default\">\n\t\t\t\t<div class=\"elementor-widget-container\">\n\t\t\t\t\t<div class=\"qodef-shortcode qodef-m qodef-qi-section-title qodef-decoration--italic qodef-link--underline-draw qodef-subtitle-icon--left\">\n\t\t\t\t<p class=\"qodef-m-subtitle\">\n\t\t1-step procedure for\t\t\t<\/p>\n\t\t\t<h2 class=\"qodef-m-title\">\n\t\tIntegration of existing CHP plants\t<\/h2>\n\t\t\t<\/div>\n\t\t\t\t<\/div>\n\t\t\t\t<\/div>\n\t\t\t\t<div class=\"elementor-element elementor-element-7eea841 elementor-widget elementor-widget-text-editor\" data-id=\"7eea841\" data-element_type=\"widget\" data-e-type=\"widget\" data-widget_type=\"text-editor.default\">\n\t\t\t\t\t\t\t\t\t<p>Ideal if only a portion of a biogas plant&#039;s output is to be extracted and processed into biomethane. The offgas is then recycled and added to the mix, and the downstream CHP plant can easily compensate for the reduced methane concentration; efficiency decreases only minimally.<\/p><p>The operation of Bio CNG filling stations \u2013 even in intermittent operation \u2013 is the primary area of application for this process.<\/p><p><em><strong>Picture:<\/strong> Gas processing plant of Gastechnik Himmel<\/em><\/p>\t\t\t\t\t\t\t\t<\/div>\n\t\t\t\t<\/div>\n\t\t<div class=\"elementor-element elementor-element-838d715 e-con-full e-flex e-con e-child\" data-id=\"838d715\" data-element_type=\"container\" data-e-type=\"container\" data-settings=\"{&quot;background_background&quot;:&quot;classic&quot;}\">\n\t\t\t\t<\/div>\n\t\t\t\t<\/div>\n\t\t\t\t<\/div>\n\t\t\t\t\t<\/div>\n\t\t\t\t<\/div>\n\t\t<div class=\"elementor-element elementor-element-6e6ae8c e-flex e-con-boxed e-con e-parent\" data-id=\"6e6ae8c\" data-element_type=\"container\" data-e-type=\"container\" data-settings=\"{&quot;background_background&quot;:&quot;classic&quot;}\">\n\t\t\t\t\t<div class=\"e-con-inner\">\n\t\t\t\t\t<\/div>\n\t\t\t\t<\/div>\n\t\t<div class=\"elementor-element elementor-element-5f15d04 e-flex e-con-boxed e-con e-parent\" data-id=\"5f15d04\" data-element_type=\"container\" data-e-type=\"container\">\n\t\t\t\t\t<div class=\"e-con-inner\">\n\t\t<div class=\"elementor-element elementor-element-0820679 e-con-full e-flex e-con e-child\" data-id=\"0820679\" data-element_type=\"container\" data-e-type=\"container\">\n\t\t<div class=\"elementor-element elementor-element-2b8ae49 e-con-full e-flex e-con e-child\" data-id=\"2b8ae49\" data-element_type=\"container\" data-e-type=\"container\">\n\t\t<div class=\"elementor-element elementor-element-facbb1d e-con-full e-flex e-con e-child\" data-id=\"facbb1d\" data-element_type=\"container\" data-e-type=\"container\" data-settings=\"{&quot;background_background&quot;:&quot;classic&quot;}\">\n\t\t\t\t<div class=\"elementor-element elementor-element-692509a elementor-widget elementor-widget-image\" data-id=\"692509a\" data-element_type=\"widget\" data-e-type=\"widget\" data-widget_type=\"image.default\">\n\t\t\t\t\t\t\t\t\t\t\t\t\t\t\t<img decoding=\"async\" width=\"72\" height=\"72\" src=\"https:\/\/gt-himmel.com\/wp-content\/uploads\/2022\/11\/icon-72x72-1.png\" class=\"attachment-large size-large wp-image-53241\" alt=\"Stylized icon with a sky and a mountain in blue and yellow colors.\" \/>\t\t\t\t\t\t\t\t\t\t\t\t\t\t\t<\/div>\n\t\t\t\t<div class=\"elementor-element elementor-element-aa13842 elementor-widget elementor-widget-qi_addons_for_elementor_section_title\" data-id=\"aa13842\" data-element_type=\"widget\" data-e-type=\"widget\" data-widget_type=\"qi_addons_for_elementor_section_title.default\">\n\t\t\t\t<div class=\"elementor-widget-container\">\n\t\t\t\t\t<div class=\"qodef-shortcode qodef-m qodef-qi-section-title qodef-decoration--italic qodef-link--underline-draw qodef-subtitle-icon--left\">\n\t\t\t\t<p class=\"qodef-m-subtitle\">\n\t\t3-step process for\t\t\t<\/p>\n\t\t\t<h2 class=\"qodef-m-title\">\n\t\tAchieving the highest possible methane yield\t<\/h2>\n\t\t\t<\/div>\n\t\t\t\t<\/div>\n\t\t\t\t<\/div>\n\t\t\t\t<div class=\"elementor-element elementor-element-716add3 elementor-widget elementor-widget-text-editor\" data-id=\"716add3\" data-element_type=\"widget\" data-e-type=\"widget\" data-widget_type=\"text-editor.default\">\n\t\t\t\t\t\t\t\t\t<p>Here, the highly selective membrane modules are arranged in such a way that both product gas and off-gas are concentrated several times.<\/p><p><strong>In this way, a methane slip of less than 0.5 % can be achieved.<\/strong><\/p><p>This concept ensures the highest possible methane yield while simultaneously ensuring the lowest emissions.<\/p>\t\t\t\t\t\t\t\t<\/div>\n\t\t\t\t<\/div>\n\t\t<div class=\"elementor-element elementor-element-b845efc e-con-full e-flex e-con e-child\" data-id=\"b845efc\" data-element_type=\"container\" data-e-type=\"container\" data-settings=\"{&quot;background_background&quot;:&quot;classic&quot;}\">\n\t\t\t\t<\/div>\n\t\t\t\t<\/div>\n\t\t\t\t<\/div>\n\t\t\t\t\t<\/div>\n\t\t\t\t<\/div>\n\t\t<div class=\"elementor-element elementor-element-5c823cf e-flex e-con-boxed e-con e-parent\" data-id=\"5c823cf\" data-element_type=\"container\" data-e-type=\"container\" data-settings=\"{&quot;background_background&quot;:&quot;classic&quot;}\">\n\t\t\t\t\t<div class=\"e-con-inner\">\n\t\t\t\t\t<\/div>\n\t\t\t\t<\/div>\n\t\t<div class=\"elementor-element elementor-element-f54f16c e-flex e-con-boxed e-con e-parent\" data-id=\"f54f16c\" data-element_type=\"container\" data-e-type=\"container\">\n\t\t\t\t\t<div class=\"e-con-inner\">\n\t\t<div class=\"elementor-element elementor-element-0137478 e-con-full e-flex e-con e-child\" data-id=\"0137478\" data-element_type=\"container\" data-e-type=\"container\">\n\t\t<div class=\"elementor-element elementor-element-a733694 e-con-full e-flex e-con e-child\" data-id=\"a733694\" data-element_type=\"container\" data-e-type=\"container\">\n\t\t<div class=\"elementor-element elementor-element-9c62110 e-con-full e-flex e-con e-child\" data-id=\"9c62110\" data-element_type=\"container\" data-e-type=\"container\" data-settings=\"{&quot;background_background&quot;:&quot;classic&quot;}\">\n\t\t\t\t<div class=\"elementor-element elementor-element-155e790 elementor-widget elementor-widget-image\" data-id=\"155e790\" data-element_type=\"widget\" data-e-type=\"widget\" data-widget_type=\"image.default\">\n\t\t\t\t\t\t\t\t\t\t\t\t\t\t\t<img decoding=\"async\" width=\"72\" height=\"72\" src=\"https:\/\/gt-himmel.com\/wp-content\/uploads\/2022\/11\/icon-72x72-1.png\" class=\"attachment-large size-large wp-image-53241\" alt=\"Stylized icon with a sky and a mountain in blue and yellow colors.\" \/>\t\t\t\t\t\t\t\t\t\t\t\t\t\t\t<\/div>\n\t\t\t\t<div class=\"elementor-element elementor-element-12c41e5 elementor-widget elementor-widget-qi_addons_for_elementor_section_title\" data-id=\"12c41e5\" data-element_type=\"widget\" data-e-type=\"widget\" data-widget_type=\"qi_addons_for_elementor_section_title.default\">\n\t\t\t\t<div class=\"elementor-widget-container\">\n\t\t\t\t\t<div class=\"qodef-shortcode qodef-m qodef-qi-section-title qodef-decoration--italic qodef-link--underline-draw qodef-subtitle-icon--left\">\n\t\t\t\t\t\t<h3 class=\"qodef-m-title\">\n\t\tFuture-oriented plant construction\t<\/h3>\n\t\t\t<\/div>\n\t\t\t\t<\/div>\n\t\t\t\t<\/div>\n\t\t\t\t<div class=\"elementor-element elementor-element-e5eb9eb elementor-widget elementor-widget-text-editor\" data-id=\"e5eb9eb\" data-element_type=\"widget\" data-e-type=\"widget\" data-widget_type=\"text-editor.default\">\n\t\t\t\t\t\t\t\t\t<p>The components for desulfurization, compression, condensation, filtration, and gas separation can be delivered assembled in closed containers. The modular design makes adaptation to any desired plant size possible and cost-effective.<\/p><p>The plant is being built in cooperation with GT-Himmel at the Korneuburg site near Vienna.<br \/>The system leaves our factory in a modular design, fully pre-assembled, pre-built, tested and T\u00dcV-approved.<\/p>\t\t\t\t\t\t\t\t<\/div>\n\t\t\t\t<div class=\"elementor-element elementor-element-2cb53f5 elementor-widget elementor-widget-image\" data-id=\"2cb53f5\" data-element_type=\"widget\" data-e-type=\"widget\" data-widget_type=\"image.default\">\n\t\t\t\t\t\t\t\t\t\t\t\t<figure class=\"wp-caption\">\n\t\t\t\t\t\t\t\t\t\t\t<a href=\"https:\/\/gt-himmel.com\/wp-content\/uploads\/2012\/10\/4003_Bild34.jpg\" data-elementor-open-lightbox=\"yes\" data-elementor-lightbox-title=\"Industrieanlage mit Pumpen und Messger\u00e4ten\" data-elementor-lightbox-description=\"Eine Industrieanlage mit mehreren Pumpen und digitalen Messger\u00e4ten, die zur \u00dcberwachung und Steuerung von Fl\u00fcssigkeiten verwendet werden.\" data-e-action-hash=\"#elementor-action%3Aaction%3Dlightbox%26settings%3DeyJpZCI6NTQ2MDgsInVybCI6Imh0dHBzOlwvXC9ndC1oaW1tZWwuY29tXC93cC1jb250ZW50XC91cGxvYWRzXC8yMDEyXC8xMFwvNDAwM19CaWxkMzQuanBnIn0%3D\">\n\t\t\t\t\t\t\t<img decoding=\"async\" width=\"800\" height=\"327\" src=\"https:\/\/gt-himmel.com\/wp-content\/uploads\/2012\/10\/4003_Bild34.jpg\" class=\"attachment-full size-full wp-image-54608\" alt=\"System with multiple pumps and digital measuring devices in an industrial environment.\" srcset=\"https:\/\/gt-himmel.com\/wp-content\/uploads\/2012\/10\/4003_Bild34.jpg 800w, https:\/\/gt-himmel.com\/wp-content\/uploads\/2012\/10\/4003_Bild34-300x123.jpg 300w, https:\/\/gt-himmel.com\/wp-content\/uploads\/2012\/10\/4003_Bild34-768x314.jpg 768w\" sizes=\"(max-width: 800px) 100vw, 800px\" \/>\t\t\t\t\t\t\t\t<\/a>\n\t\t\t\t\t\t\t\t\t\t\t<figcaption class=\"widget-image-caption wp-caption-text\">SEPURAN\u00ae Green membrane modules<\/figcaption>\n\t\t\t\t\t\t\t\t\t\t<\/figure>\n\t\t\t\t\t\t\t\t\t<\/div>\n\t\t\t\t<\/div>\n\t\t\t\t<\/div>\n\t\t\t\t<\/div>\n\t\t\t\t\t<\/div>\n\t\t\t\t<\/div>\n\t\t\t\t<\/div>","protected":false},"excerpt":{"rendered":"<p>BioMem \u2013 the key technology for natural gas-quality biomethane BioMem \u2013 the key technology for natural gas-quality biomethane On the way from biogas to natural gas-quality biomethane, the raw gas is first compressed to 10\u201316 bar using a high-pressure compressor. The waste heat from the compression process can be made available for extraction via a heat exchanger. The compression stage is followed by a drying stage with temperature control,\u2026 <a class=\"continue\" href=\"https:\/\/gt-himmel.com\/en\/verfahren-umsetzung\/\">Read more<span> Procedure &amp; Implementation<\/span><\/a><\/p>","protected":false},"author":1,"featured_media":0,"parent":0,"menu_order":0,"comment_status":"closed","ping_status":"closed","template":"","meta":{"footnotes":""},"class_list":["post-52322","page","type-page","status-publish","hentry"],"yoast_head":"<!-- This site is optimized with the Yoast SEO plugin v27.3 - https:\/\/yoast.com\/product\/yoast-seo-wordpress\/ -->\n<title>Verfahren &amp; Umsetzung - Gastechnik Himmel GmbH<\/title>\n<meta name=\"description\" content=\"Entdecken Sie BioMem: Die Schl\u00fcsseltechnologie f\u00fcr Biomethan in Erdgasqualit\u00e4t. Optimieren Sie Ihre Energieeffizienz!\" \/>\n<meta name=\"robots\" content=\"index, follow, max-snippet:-1, max-image-preview:large, max-video-preview:-1\" \/>\n<link rel=\"canonical\" href=\"https:\/\/gt-himmel.com\/en\/procedure-implementation\/\" \/>\n<meta property=\"og:locale\" content=\"en_GB\" \/>\n<meta property=\"og:type\" content=\"article\" \/>\n<meta property=\"og:title\" content=\"Verfahren &amp; Umsetzung - Gastechnik Himmel GmbH\" \/>\n<meta property=\"og:description\" content=\"Entdecken Sie BioMem: Die Schl\u00fcsseltechnologie f\u00fcr Biomethan in Erdgasqualit\u00e4t. Optimieren Sie Ihre Energieeffizienz!\" \/>\n<meta property=\"og:url\" content=\"https:\/\/gt-himmel.com\/en\/procedure-implementation\/\" \/>\n<meta property=\"og:site_name\" content=\"Gastechnik Himmel GmbH\" \/>\n<meta property=\"article:modified_time\" content=\"2025-06-23T08:09:11+00:00\" \/>\n<meta property=\"og:image\" content=\"https:\/\/gt-himmel.com\/wp-content\/uploads\/2021\/05\/gah-module_04.jpg\" \/>\n\t<meta property=\"og:image:width\" content=\"674\" \/>\n\t<meta property=\"og:image:height\" content=\"898\" \/>\n\t<meta property=\"og:image:type\" content=\"image\/jpeg\" \/>\n<meta name=\"twitter:card\" content=\"summary_large_image\" \/>\n<meta name=\"twitter:label1\" content=\"Estimated reading time\" \/>\n\t<meta name=\"twitter:data1\" content=\"1 minute\" \/>\n<script type=\"application\/ld+json\" class=\"yoast-schema-graph\">{\"@context\":\"https:\\\/\\\/schema.org\",\"@graph\":[{\"@type\":\"WebPage\",\"@id\":\"https:\\\/\\\/gt-himmel.com\\\/verfahren-umsetzung\\\/\",\"url\":\"https:\\\/\\\/gt-himmel.com\\\/verfahren-umsetzung\\\/\",\"name\":\"Verfahren & Umsetzung - Gastechnik Himmel GmbH\",\"isPartOf\":{\"@id\":\"https:\\\/\\\/gt-himmel.com\\\/#website\"},\"primaryImageOfPage\":{\"@id\":\"https:\\\/\\\/gt-himmel.com\\\/verfahren-umsetzung\\\/#primaryimage\"},\"image\":{\"@id\":\"https:\\\/\\\/gt-himmel.com\\\/verfahren-umsetzung\\\/#primaryimage\"},\"thumbnailUrl\":\"https:\\\/\\\/gt-himmel.com\\\/wp-content\\\/uploads\\\/2021\\\/05\\\/gah-module_04.jpg\",\"datePublished\":\"2025-03-28T12:15:50+00:00\",\"dateModified\":\"2025-06-23T08:09:11+00:00\",\"description\":\"Entdecken Sie BioMem: Die Schl\u00fcsseltechnologie f\u00fcr Biomethan in Erdgasqualit\u00e4t. Optimieren Sie Ihre Energieeffizienz!\",\"breadcrumb\":{\"@id\":\"https:\\\/\\\/gt-himmel.com\\\/verfahren-umsetzung\\\/#breadcrumb\"},\"inLanguage\":\"en-GB\",\"potentialAction\":[{\"@type\":\"ReadAction\",\"target\":[\"https:\\\/\\\/gt-himmel.com\\\/verfahren-umsetzung\\\/\"]}]},{\"@type\":\"ImageObject\",\"inLanguage\":\"en-GB\",\"@id\":\"https:\\\/\\\/gt-himmel.com\\\/verfahren-umsetzung\\\/#primaryimage\",\"url\":\"https:\\\/\\\/gt-himmel.com\\\/wp-content\\\/uploads\\\/2021\\\/05\\\/gah-module_04.jpg\",\"contentUrl\":\"https:\\\/\\\/gt-himmel.com\\\/wp-content\\\/uploads\\\/2021\\\/05\\\/gah-module_04.jpg\"},{\"@type\":\"BreadcrumbList\",\"@id\":\"https:\\\/\\\/gt-himmel.com\\\/verfahren-umsetzung\\\/#breadcrumb\",\"itemListElement\":[{\"@type\":\"ListItem\",\"position\":1,\"name\":\"Startseite\",\"item\":\"https:\\\/\\\/gt-himmel.com\\\/\"},{\"@type\":\"ListItem\",\"position\":2,\"name\":\"Verfahren &#038; Umsetzung\"}]},{\"@type\":\"WebSite\",\"@id\":\"https:\\\/\\\/gt-himmel.com\\\/#website\",\"url\":\"https:\\\/\\\/gt-himmel.com\\\/\",\"name\":\"Gastechnik Himmel GmbH\",\"description\":\"\",\"publisher\":{\"@id\":\"https:\\\/\\\/gt-himmel.com\\\/#organization\"},\"potentialAction\":[{\"@type\":\"SearchAction\",\"target\":{\"@type\":\"EntryPoint\",\"urlTemplate\":\"https:\\\/\\\/gt-himmel.com\\\/?s={search_term_string}\"},\"query-input\":{\"@type\":\"PropertyValueSpecification\",\"valueRequired\":true,\"valueName\":\"search_term_string\"}}],\"inLanguage\":\"en-GB\"},{\"@type\":\"Organization\",\"@id\":\"https:\\\/\\\/gt-himmel.com\\\/#organization\",\"name\":\"Gastechnik Himmel GmbH\",\"url\":\"https:\\\/\\\/gt-himmel.com\\\/\",\"logo\":{\"@type\":\"ImageObject\",\"inLanguage\":\"en-GB\",\"@id\":\"https:\\\/\\\/gt-himmel.com\\\/#\\\/schema\\\/logo\\\/image\\\/\",\"url\":\"https:\\\/\\\/gt-himmel.com\\\/wp-content\\\/uploads\\\/2021\\\/09\\\/gth-logo-xl-500.png\",\"contentUrl\":\"https:\\\/\\\/gt-himmel.com\\\/wp-content\\\/uploads\\\/2021\\\/09\\\/gth-logo-xl-500.png\",\"width\":500,\"height\":217,\"caption\":\"Gastechnik Himmel GmbH\"},\"image\":{\"@id\":\"https:\\\/\\\/gt-himmel.com\\\/#\\\/schema\\\/logo\\\/image\\\/\"}}]}<\/script>\n<!-- \/ Yoast SEO plugin. -->","yoast_head_json":{"title":"Process &amp; Implementation - Gastechnik Himmel GmbH","description":"Discover BioMem: The key technology for natural gas-quality biomethane. Optimize your energy efficiency!","robots":{"index":"index","follow":"follow","max-snippet":"max-snippet:-1","max-image-preview":"max-image-preview:large","max-video-preview":"max-video-preview:-1"},"canonical":"https:\/\/gt-himmel.com\/en\/procedure-implementation\/","og_locale":"en_GB","og_type":"article","og_title":"Verfahren & Umsetzung - Gastechnik Himmel GmbH","og_description":"Entdecken Sie BioMem: Die Schl\u00fcsseltechnologie f\u00fcr Biomethan in Erdgasqualit\u00e4t. Optimieren Sie Ihre Energieeffizienz!","og_url":"https:\/\/gt-himmel.com\/en\/procedure-implementation\/","og_site_name":"Gastechnik Himmel GmbH","article_modified_time":"2025-06-23T08:09:11+00:00","og_image":[{"width":674,"height":898,"url":"https:\/\/gt-himmel.com\/wp-content\/uploads\/2021\/05\/gah-module_04.jpg","type":"image\/jpeg"}],"twitter_card":"summary_large_image","twitter_misc":{"Estimated reading time":"1 minute"},"schema":{"@context":"https:\/\/schema.org","@graph":[{"@type":"WebPage","@id":"https:\/\/gt-himmel.com\/verfahren-umsetzung\/","url":"https:\/\/gt-himmel.com\/verfahren-umsetzung\/","name":"Process &amp; Implementation - Gastechnik Himmel GmbH","isPartOf":{"@id":"https:\/\/gt-himmel.com\/#website"},"primaryImageOfPage":{"@id":"https:\/\/gt-himmel.com\/verfahren-umsetzung\/#primaryimage"},"image":{"@id":"https:\/\/gt-himmel.com\/verfahren-umsetzung\/#primaryimage"},"thumbnailUrl":"https:\/\/gt-himmel.com\/wp-content\/uploads\/2021\/05\/gah-module_04.jpg","datePublished":"2025-03-28T12:15:50+00:00","dateModified":"2025-06-23T08:09:11+00:00","description":"Discover BioMem: The key technology for natural gas-quality biomethane. Optimize your energy efficiency!","breadcrumb":{"@id":"https:\/\/gt-himmel.com\/verfahren-umsetzung\/#breadcrumb"},"inLanguage":"en-GB","potentialAction":[{"@type":"ReadAction","target":["https:\/\/gt-himmel.com\/verfahren-umsetzung\/"]}]},{"@type":"ImageObject","inLanguage":"en-GB","@id":"https:\/\/gt-himmel.com\/verfahren-umsetzung\/#primaryimage","url":"https:\/\/gt-himmel.com\/wp-content\/uploads\/2021\/05\/gah-module_04.jpg","contentUrl":"https:\/\/gt-himmel.com\/wp-content\/uploads\/2021\/05\/gah-module_04.jpg"},{"@type":"BreadcrumbList","@id":"https:\/\/gt-himmel.com\/verfahren-umsetzung\/#breadcrumb","itemListElement":[{"@type":"ListItem","position":1,"name":"Startseite","item":"https:\/\/gt-himmel.com\/"},{"@type":"ListItem","position":2,"name":"Verfahren &#038; Umsetzung"}]},{"@type":"WebSite","@id":"https:\/\/gt-himmel.com\/#website","url":"https:\/\/gt-himmel.com\/","name":"Gastechnik Himmel GmbH","description":"","publisher":{"@id":"https:\/\/gt-himmel.com\/#organization"},"potentialAction":[{"@type":"SearchAction","target":{"@type":"EntryPoint","urlTemplate":"https:\/\/gt-himmel.com\/?s={search_term_string}"},"query-input":{"@type":"PropertyValueSpecification","valueRequired":true,"valueName":"search_term_string"}}],"inLanguage":"en-GB"},{"@type":"Organization","@id":"https:\/\/gt-himmel.com\/#organization","name":"Gastechnik Himmel GmbH","url":"https:\/\/gt-himmel.com\/","logo":{"@type":"ImageObject","inLanguage":"en-GB","@id":"https:\/\/gt-himmel.com\/#\/schema\/logo\/image\/","url":"https:\/\/gt-himmel.com\/wp-content\/uploads\/2021\/09\/gth-logo-xl-500.png","contentUrl":"https:\/\/gt-himmel.com\/wp-content\/uploads\/2021\/09\/gth-logo-xl-500.png","width":500,"height":217,"caption":"Gastechnik Himmel GmbH"},"image":{"@id":"https:\/\/gt-himmel.com\/#\/schema\/logo\/image\/"}}]}},"_links":{"self":[{"href":"https:\/\/gt-himmel.com\/en\/wp-json\/wp\/v2\/pages\/52322","targetHints":{"allow":["GET"]}}],"collection":[{"href":"https:\/\/gt-himmel.com\/en\/wp-json\/wp\/v2\/pages"}],"about":[{"href":"https:\/\/gt-himmel.com\/en\/wp-json\/wp\/v2\/types\/page"}],"author":[{"embeddable":true,"href":"https:\/\/gt-himmel.com\/en\/wp-json\/wp\/v2\/users\/1"}],"replies":[{"embeddable":true,"href":"https:\/\/gt-himmel.com\/en\/wp-json\/wp\/v2\/comments?post=52322"}],"version-history":[{"count":10,"href":"https:\/\/gt-himmel.com\/en\/wp-json\/wp\/v2\/pages\/52322\/revisions"}],"predecessor-version":[{"id":56247,"href":"https:\/\/gt-himmel.com\/en\/wp-json\/wp\/v2\/pages\/52322\/revisions\/56247"}],"wp:attachment":[{"href":"https:\/\/gt-himmel.com\/en\/wp-json\/wp\/v2\/media?parent=52322"}],"curies":[{"name":"wp","href":"https:\/\/api.w.org\/{rel}","templated":true}]}}