{"id":52338,"date":"2025-03-28T14:06:41","date_gmt":"2025-03-28T13:06:41","guid":{"rendered":"https:\/\/gt-himmel.com\/?page_id=52338"},"modified":"2025-04-07T10:01:02","modified_gmt":"2025-04-07T08:01:02","slug":"economy","status":"publish","type":"page","link":"https:\/\/gt-himmel.com\/en\/wirtschaftlichkeit\/","title":{"rendered":"economy"},"content":{"rendered":"\t\t<div data-elementor-type=\"wp-page\" data-elementor-id=\"52338\" class=\"elementor elementor-52338\" data-elementor-post-type=\"page\">\n\t\t\t\t<div class=\"elementor-element elementor-element-5a0e0ea e-flex e-con-boxed e-con e-parent\" data-id=\"5a0e0ea\" data-element_type=\"container\" data-e-type=\"container\">\n\t\t\t\t\t<div class=\"e-con-inner\">\n\t\t<div class=\"elementor-element elementor-element-9034104 e-con-full e-flex e-con e-child\" data-id=\"9034104\" data-element_type=\"container\" data-e-type=\"container\">\n\t\t\t\t<div class=\"elementor-element elementor-element-859140e elementor-widget elementor-widget-image\" data-id=\"859140e\" data-element_type=\"widget\" data-e-type=\"widget\" data-widget_type=\"image.default\">\n\t\t\t\t\t\t\t\t\t\t\t\t\t\t\t<img decoding=\"async\" width=\"72\" height=\"72\" src=\"https:\/\/gt-himmel.com\/wp-content\/uploads\/2022\/11\/icon-72x72-1.png\" class=\"attachment-large size-large wp-image-53241\" alt=\"Stilisiertes Icon mit einem Himmel und einem Berg in blauen und gelben Farben.\" \/>\t\t\t\t\t\t\t\t\t\t\t\t\t\t\t<\/div>\n\t\t\t\t<div class=\"elementor-element elementor-element-fc1a2c7 elementor-widget elementor-widget-qi_addons_for_elementor_section_title\" data-id=\"fc1a2c7\" data-element_type=\"widget\" data-e-type=\"widget\" data-widget_type=\"qi_addons_for_elementor_section_title.default\">\n\t\t\t\t<div class=\"elementor-widget-container\">\n\t\t\t\t\t<div class=\"qodef-shortcode qodef-m qodef-qi-section-title qodef-decoration--italic qodef-link--underline-draw qodef-subtitle-icon--left\">\n\t\t\t\t\t\t<h1 class=\"qodef-m-title\">\n\t\tWirtschaftlichkeit\t<\/h1>\n\t\t\t<\/div>\n\t\t\t\t<\/div>\n\t\t\t\t<\/div>\n\t\t\t\t<div class=\"elementor-element elementor-element-dcb9eb9 elementor-widget elementor-widget-text-editor\" data-id=\"dcb9eb9\" data-element_type=\"widget\" data-e-type=\"widget\" data-widget_type=\"text-editor.default\">\n\t\t\t\t\t\t\t\t\t<p>Im Zuge einer Wirtschaftlichkeitsrechnung haben wir die zu erwartenden Kosten pro Nm\u00b3 Biomethan unter Ber\u00fccksichtigung der Anschaffungskosten, der Wartungs- und Betriebskosten, sowie der, aus heutiger Sicht zu erwartenden Membrankosten ermittelt. Hierzu wurde ein 10 j\u00e4hriger Durchrechnungszeitraum herangezogen und die Modullebensdauer mit 3 Jahren angenommen.<\/p><p>Nat\u00fcrlich h\u00e4ngen die Kosten stark von den Einsatzbedingungen, wie geforderter Methangehalt im Produktgas, der Rohgaszusammensetzung oder der Art der Nutzung des Offgases ab. Aus diesem Grund ist in allen unseren Kundenofferten eine individuelle, auf die jeweiligen Parameter angepasste, Wirtschaftlichkeitsrechnung integriert. Gerne rechnen wir auch Ihren Einsatzfall durch!<\/p>\t\t\t\t\t\t\t\t<\/div>\n\t\t\t\t<div class=\"elementor-element elementor-element-56e8080 elementor-widget elementor-widget-image\" data-id=\"56e8080\" data-element_type=\"widget\" data-e-type=\"widget\" data-widget_type=\"image.default\">\n\t\t\t\t\t\t\t\t\t\t\t\t\t\t\t<img decoding=\"async\" width=\"72\" height=\"72\" src=\"https:\/\/gt-himmel.com\/wp-content\/uploads\/2022\/11\/icon-72x72-1.png\" class=\"attachment-large size-large wp-image-53241\" alt=\"Stilisiertes Icon mit einem Himmel und einem Berg in blauen und gelben Farben.\" \/>\t\t\t\t\t\t\t\t\t\t\t\t\t\t\t<\/div>\n\t\t\t\t<div class=\"elementor-element elementor-element-f3d06c3 elementor-widget elementor-widget-qi_addons_for_elementor_section_title\" data-id=\"f3d06c3\" data-element_type=\"widget\" data-e-type=\"widget\" data-widget_type=\"qi_addons_for_elementor_section_title.default\">\n\t\t\t\t<div class=\"elementor-widget-container\">\n\t\t\t\t\t<div class=\"qodef-shortcode qodef-m qodef-qi-section-title qodef-decoration--italic qodef-link--underline-draw qodef-subtitle-icon--left\">\n\t\t\t\t\t\t<h2 class=\"qodef-m-title\">\n\t\tBiomethan Gestehungskosten\t<\/h2>\n\t\t\t<\/div>\n\t\t\t\t<\/div>\n\t\t\t\t<\/div>\n\t\t\t\t<div class=\"elementor-element elementor-element-94d5365 elementor-widget elementor-widget-text-editor\" data-id=\"94d5365\" data-element_type=\"widget\" data-e-type=\"widget\" data-widget_type=\"text-editor.default\">\n\t\t\t\t\t\t\t\t\t<p>Biogasanlage mit einer Rohgaskapazit\u00e4t von 500 Nm\u00b3\/h. Gasaufbereitung mittels 3-stufigem BioMem Membrantrennverfahren mit <strong>SEPURAN\u00ae Green Membranen von EVONIK.<\/strong><\/p>\t\t\t\t\t\t\t\t<\/div>\n\t\t\t\t<div class=\"elementor-element elementor-element-6f9faa2 elementor-widget elementor-widget-qi_addons_for_elementor_charts\" data-id=\"6f9faa2\" data-element_type=\"widget\" data-e-type=\"widget\" data-widget_type=\"qi_addons_for_elementor_charts.default\">\n\t\t\t\t<div class=\"elementor-widget-container\">\n\t\t\t\t\t<div class=\"qodef-shortcode qodef-m qodef-qi-charts qodef-chart-alignment--center\" data-values=\"[1,2,4,27,66]\" data-labels=\"[&quot;Grobentschefelung&quot;,&quot;Rohgaserzeugung&quot;,&quot;Netzeinspeisung&quot;,&quot;Gasaufbereitung&quot;,&quot;Vertriebskosten&quot;]\" data-pattern-images=\"[&quot;&quot;,&quot;&quot;,&quot;&quot;,&quot;&quot;,&quot;&quot;]\" data-background-colors=\"[&quot;#E70202&quot;,&quot;#13C9D6&quot;,&quot;#B30DE0&quot;,&quot;#0C9344&quot;,&quot;#1F5BA8&quot;]\" data-hover-background-colors=\"[&quot;#E08E8E&quot;,&quot;#9DD7DD&quot;,&quot;#D78EEB&quot;,&quot;#ececec&quot;,&quot;#ececec&quot;]\" data-border-colors=\"[&quot;#fff&quot;,&quot;#fff&quot;,&quot;#fff&quot;,&quot;#fff&quot;,&quot;#fff&quot;]\" data-hover-border-colors=\"[&quot;#fff&quot;,&quot;#fff&quot;,&quot;#fff&quot;,&quot;#fff&quot;,&quot;#fff&quot;]\"   data-type=\"false\" data-aspect-ratio=\"1\" data-enable-legend=\"true\" data-legend-position=\"bottom\"       data-legend-label-font-size=\"16\" >\n\t<div class=\"qodef-m-inner\">\n\t\t<div class=\"qodef-m-canvas-holder\">\n\t\t\t<div class=\"qodef-m-canvas\">\n\t\t\t\t<canvas><\/canvas>\n\t\t\t<\/div>\n\t\t<\/div>\n\t\t\t\t\t<\/div>\n<\/div>\n\t\t\t\t<\/div>\n\t\t\t\t<\/div>\n\t\t<div class=\"elementor-element elementor-element-fae7298 e-con-full e-flex e-con e-child\" data-id=\"fae7298\" data-element_type=\"container\" data-e-type=\"container\">\n\t\t<div class=\"elementor-element elementor-element-809d9be e-con-full e-flex e-con e-child\" data-id=\"809d9be\" data-element_type=\"container\" data-e-type=\"container\">\n\t\t\t\t<\/div>\n\t\t<div class=\"elementor-element elementor-element-ccc33ec e-con-full e-flex e-con e-child\" data-id=\"ccc33ec\" data-element_type=\"container\" data-e-type=\"container\">\n\t\t\t\t<div class=\"elementor-element elementor-element-4850bc0 elementor-widget elementor-widget-qi_addons_for_elementor_charts\" data-id=\"4850bc0\" data-element_type=\"widget\" data-e-type=\"widget\" data-widget_type=\"qi_addons_for_elementor_charts.default\">\n\t\t\t\t<div class=\"elementor-widget-container\">\n\t\t\t\t\t<div class=\"qodef-shortcode qodef-m qodef-qi-charts qodef-chart-alignment--center\" data-values=\"[1,2,4,27,66]\" data-labels=\"[&quot;Grobentschwefelung 1%&quot;,&quot;Rohgaserzeugung 2%&quot;,&quot;Netzeinspeisung 4%&quot;,&quot;Gasaufbereitung 27%&quot;,&quot;Vertriebskosten 66%&quot;]\" data-pattern-images=\"[&quot;&quot;,&quot;&quot;,&quot;&quot;,&quot;&quot;,&quot;&quot;]\" data-background-colors=\"[&quot;#EB0F0F&quot;,&quot;#00D3E2&quot;,&quot;#BD08E7&quot;,&quot;#0B9645&quot;,&quot;#138ADB&quot;]\" data-hover-background-colors=\"[&quot;#ececec&quot;,&quot;#ececec&quot;,&quot;#ececec&quot;,&quot;#ececec&quot;,&quot;#ececec&quot;]\" data-border-colors=\"[&quot;#fff&quot;,&quot;#fff&quot;,&quot;#fff&quot;,&quot;#fff&quot;,&quot;#fff&quot;]\" data-hover-border-colors=\"[&quot;#fff&quot;,&quot;#fff&quot;,&quot;#fff&quot;,&quot;#fff&quot;,&quot;#fff&quot;]\"   data-type=\"false\" data-aspect-ratio=\"1\" data-enable-legend=\"true\" data-legend-position=\"bottom\"        >\n\t<div class=\"qodef-m-inner\">\n\t\t<div class=\"qodef-m-canvas-holder\">\n\t\t\t<div class=\"qodef-m-canvas\">\n\t\t\t\t<canvas><\/canvas>\n\t\t\t<\/div>\n\t\t<\/div>\n\t\t\t\t\t<\/div>\n<\/div>\n\t\t\t\t<\/div>\n\t\t\t\t<\/div>\n\t\t\t\t<\/div>\n\t\t<div class=\"elementor-element elementor-element-690b120 e-con-full e-flex e-con e-child\" data-id=\"690b120\" data-element_type=\"container\" data-e-type=\"container\">\n\t\t\t\t<\/div>\n\t\t\t\t<\/div>\n\t\t<div class=\"elementor-element elementor-element-cacdf35 e-con-full e-flex e-con e-child\" data-id=\"cacdf35\" data-element_type=\"container\" data-e-type=\"container\">\n\t\t\t\t<div class=\"elementor-element elementor-element-5ec8904 elementor-widget elementor-widget-image\" data-id=\"5ec8904\" data-element_type=\"widget\" data-e-type=\"widget\" data-widget_type=\"image.default\">\n\t\t\t\t\t\t\t\t\t\t\t\t\t\t\t<img decoding=\"async\" width=\"72\" height=\"72\" src=\"https:\/\/gt-himmel.com\/wp-content\/uploads\/2022\/11\/icon-72x72-1.png\" class=\"attachment-full size-full wp-image-53241\" alt=\"Stilisiertes Icon mit einem Himmel und einem Berg in blauen und gelben Farben.\" \/>\t\t\t\t\t\t\t\t\t\t\t\t\t\t\t<\/div>\n\t\t\t\t<div class=\"elementor-element elementor-element-e2e9ed8 elementor-widget elementor-widget-qi_addons_for_elementor_section_title\" data-id=\"e2e9ed8\" data-element_type=\"widget\" data-e-type=\"widget\" data-widget_type=\"qi_addons_for_elementor_section_title.default\">\n\t\t\t\t<div class=\"elementor-widget-container\">\n\t\t\t\t\t<div class=\"qodef-shortcode qodef-m qodef-qi-section-title qodef-decoration--italic qodef-link--underline-draw qodef-subtitle-icon--left\">\n\t\t\t\t\t\t<h2 class=\"qodef-m-title\">\n\t\tElektrischer Leistungsbedarf in Abh\u00e4ngigkeit der Rohgasmenge\t<\/h2>\n\t\t\t<\/div>\n\t\t\t\t<\/div>\n\t\t\t\t<\/div>\n\t\t\t\t<div class=\"elementor-element elementor-element-d37c014 elementor-widget elementor-widget-qi_addons_for_elementor_graphs\" data-id=\"d37c014\" data-element_type=\"widget\" data-e-type=\"widget\" data-widget_type=\"qi_addons_for_elementor_graphs.default\">\n\t\t\t\t<div class=\"elementor-widget-container\">\n\t\t\t\t\t<div class=\"qodef-shortcode qodef-m qodef-qi-graphs qodef-chart-alignment--flex-start\" data-values=\"[&quot;0.32,0.3,0.26,0.22,0.21,0.2&quot;]\" data-item-labels=\"[&quot;el. Leistungsbedarf kW\\\/Nm3 RBG&quot;]\" data-background-colors=\"[&quot;#FCBF00&quot;]\" data-hover-background-colors=\"[&quot;#ececec&quot;]\" data-border-colors=\"[&quot;#fff&quot;]\" data-hover-border-colors=\"[&quot;#fff&quot;]\" data-fill=\"[false]\" data-linear=\"[0.4]\" data-labels=\"[&quot;100 Nm3\\\/h&quot;,&quot;150 Nm3\\\/h&quot;,&quot;200 Nm3\\\/h&quot;,&quot;300 Nm3\\\/h&quot;,&quot;500 Nm3\\\/h&quot;,&quot;700 Nm3\\\/h&quot;]\" data-border-width=\"3\" data-hover-border-width=\"3\" data-bar-size=\"0.4\" data-cat-size=\"0.65\" data-type=\"false\" data-ticks=\"{&quot;min&quot;:&quot;&quot;,&quot;max&quot;:0,&quot;step&quot;:0}\" data-enable-legend=\"true\" data-legend-position=\"top\"        >\n\t<div class=\"qodef-m-inner\">\n\t\t<div class=\"qodef-m-canvas-holder\">\n\t\t\t<div class=\"qodef-m-canvas\">\n\t\t\t\t<canvas><\/canvas>\n\t\t\t<\/div>\n\t\t<\/div>\n\t<\/div>\n<\/div>\n\t\t\t\t<\/div>\n\t\t\t\t<\/div>\n\t\t\t\t<div class=\"elementor-element elementor-element-9570d1b elementor-widget elementor-widget-image\" data-id=\"9570d1b\" data-element_type=\"widget\" data-e-type=\"widget\" data-widget_type=\"image.default\">\n\t\t\t\t\t\t\t\t\t\t\t\t\t\t\t<img decoding=\"async\" width=\"72\" height=\"72\" src=\"https:\/\/gt-himmel.com\/wp-content\/uploads\/2022\/11\/icon-72x72-1.png\" class=\"attachment-full size-full wp-image-53241\" alt=\"Stilisiertes Icon mit einem Himmel und einem Berg in blauen und gelben Farben.\" \/>\t\t\t\t\t\t\t\t\t\t\t\t\t\t\t<\/div>\n\t\t\t\t<div class=\"elementor-element elementor-element-d725c71 elementor-widget elementor-widget-qi_addons_for_elementor_section_title\" data-id=\"d725c71\" data-element_type=\"widget\" data-e-type=\"widget\" data-widget_type=\"qi_addons_for_elementor_section_title.default\">\n\t\t\t\t<div class=\"elementor-widget-container\">\n\t\t\t\t\t<div class=\"qodef-shortcode qodef-m qodef-qi-section-title qodef-decoration--italic qodef-link--underline-draw qodef-subtitle-icon--left\">\n\t\t\t\t\t\t<h2 class=\"qodef-m-title\">\n\t\tSpezifische Aufbereitungskosten\t<\/h2>\n\t\t\t<\/div>\n\t\t\t\t<\/div>\n\t\t\t\t<\/div>\n\t\t\t\t<div class=\"elementor-element elementor-element-0746c4c elementor-widget elementor-widget-text-editor\" data-id=\"0746c4c\" data-element_type=\"widget\" data-e-type=\"widget\" data-widget_type=\"text-editor.default\">\n\t\t\t\t\t\t\t\t\t<p>In Abh\u00e4ngigkeit von der Anlagengr\u00f6\u00dfe.<\/p><p>Spezifische Aufbereitungskosten pro kWh (Produktgasqualit\u00e4t &gt;98%, 3-stufiges Verfahren).<\/p>\t\t\t\t\t\t\t\t<\/div>\n\t\t\t\t<div class=\"elementor-element elementor-element-0feab07 elementor-widget elementor-widget-heading\" data-id=\"0feab07\" data-element_type=\"widget\" data-e-type=\"widget\" data-widget_type=\"heading.default\">\n\t\t\t\t\t<h3 class=\"elementor-heading-title elementor-size-default\">Rahmenbedingungen<\/h3>\t\t\t\t<\/div>\n\t\t\t\t<div class=\"elementor-element elementor-element-10b23f0 elementor-icon-list--layout-traditional elementor-list-item-link-full_width elementor-widget elementor-widget-icon-list\" data-id=\"10b23f0\" data-element_type=\"widget\" data-e-type=\"widget\" data-widget_type=\"icon-list.default\">\n\t\t\t\t\t\t\t<ul class=\"elementor-icon-list-items\">\n\t\t\t\t\t\t\t<li class=\"elementor-icon-list-item\">\n\t\t\t\t\t\t\t\t\t\t\t<span class=\"elementor-icon-list-icon\">\n\t\t\t\t\t\t\t<i aria-hidden=\"true\" class=\"fas fa-arrow-circle-right\"><\/i>\t\t\t\t\t\t<\/span>\n\t\t\t\t\t\t\t\t\t\t<span class=\"elementor-icon-list-text\">Betriebsstunden: 8500 h\/a<\/span>\n\t\t\t\t\t\t\t\t\t<\/li>\n\t\t\t\t\t\t\t\t<li class=\"elementor-icon-list-item\">\n\t\t\t\t\t\t\t\t\t\t\t<span class=\"elementor-icon-list-icon\">\n\t\t\t\t\t\t\t<i aria-hidden=\"true\" class=\"fas fa-arrow-circle-right\"><\/i>\t\t\t\t\t\t<\/span>\n\t\t\t\t\t\t\t\t\t\t<span class=\"elementor-icon-list-text\">Brennwert HS, O 100% CH<sub>4<\/sub>: 11,04 kWh\/Nm<sup>3<\/sup><\/span>\n\t\t\t\t\t\t\t\t\t<\/li>\n\t\t\t\t\t\t\t\t<li class=\"elementor-icon-list-item\">\n\t\t\t\t\t\t\t\t\t\t\t<span class=\"elementor-icon-list-icon\">\n\t\t\t\t\t\t\t<i aria-hidden=\"true\" class=\"fas fa-arrow-circle-right\"><\/i>\t\t\t\t\t\t<\/span>\n\t\t\t\t\t\t\t\t\t\t<span class=\"elementor-icon-list-text\">Stromkosten: 13 ct\/kWh<\/span>\n\t\t\t\t\t\t\t\t\t<\/li>\n\t\t\t\t\t\t\t\t<li class=\"elementor-icon-list-item\">\n\t\t\t\t\t\t\t\t\t\t\t<span class=\"elementor-icon-list-icon\">\n\t\t\t\t\t\t\t<i aria-hidden=\"true\" class=\"fas fa-arrow-circle-right\"><\/i>\t\t\t\t\t\t<\/span>\n\t\t\t\t\t\t\t\t\t\t<span class=\"elementor-icon-list-text\">Verkaufserl\u00f6s Biomethan: 7,5 ct\/kWh<\/span>\n\t\t\t\t\t\t\t\t\t<\/li>\n\t\t\t\t\t\t\t\t<li class=\"elementor-icon-list-item\">\n\t\t\t\t\t\t\t\t\t\t\t<span class=\"elementor-icon-list-icon\">\n\t\t\t\t\t\t\t<i aria-hidden=\"true\" class=\"fas fa-arrow-circle-right\"><\/i>\t\t\t\t\t\t<\/span>\n\t\t\t\t\t\t\t\t\t\t<span class=\"elementor-icon-list-text\">rechnerische Modullebensdauer: 7 Jahre<\/span>\n\t\t\t\t\t\t\t\t\t<\/li>\n\t\t\t\t\t\t<\/ul>\n\t\t\t\t\t\t<\/div>\n\t\t\t\t<div class=\"elementor-element elementor-element-1cf835f elementor-widget elementor-widget-qi_addons_for_elementor_graphs\" data-id=\"1cf835f\" data-element_type=\"widget\" data-e-type=\"widget\" data-widget_type=\"qi_addons_for_elementor_graphs.default\">\n\t\t\t\t<div class=\"elementor-widget-container\">\n\t\t\t\t\t<div class=\"qodef-shortcode qodef-m qodef-qi-graphs qodef-chart-alignment--flex-start\" data-values=\"[&quot;2.45,1.98,1.55,1.4,1.04,1.0&quot;]\" data-item-labels=\"[&quot;Aufbereitungskosten ct\\\/kWh&quot;]\" data-background-colors=\"[&quot;#FCBF00&quot;]\" data-hover-background-colors=\"[&quot;#ececec&quot;]\" data-border-colors=\"[&quot;#fff&quot;]\" data-hover-border-colors=\"[&quot;#fff&quot;]\" data-fill=\"[false]\" data-linear=\"[0.4]\" data-labels=\"[&quot;100 Nm3\\\/h&quot;,&quot;150 Nm3\\\/h&quot;,&quot;200 Nm3\\\/h&quot;,&quot;300 Nm3\\\/h&quot;,&quot;500 Nm3\\\/h&quot;,&quot;700 Nm3\\\/h&quot;]\" data-border-width=\"3\" data-hover-border-width=\"3\" data-bar-size=\"0.4\" data-cat-size=\"0.65\" data-type=\"false\" data-ticks=\"{&quot;min&quot;:&quot;&quot;,&quot;max&quot;:0,&quot;step&quot;:0}\" data-enable-legend=\"true\" data-legend-position=\"top\"        >\n\t<div class=\"qodef-m-inner\">\n\t\t<div class=\"qodef-m-canvas-holder\">\n\t\t\t<div class=\"qodef-m-canvas\">\n\t\t\t\t<canvas><\/canvas>\n\t\t\t<\/div>\n\t\t<\/div>\n\t<\/div>\n<\/div>\n\t\t\t\t<\/div>\n\t\t\t\t<\/div>\n\t\t\t\t<div class=\"elementor-element elementor-element-c72c049 elementor-widget elementor-widget-text-editor\" data-id=\"c72c049\" data-element_type=\"widget\" data-e-type=\"widget\" data-widget_type=\"text-editor.default\">\n\t\t\t\t\t\t\t\t\t<p style=\"text-align: center;\">Alle Angaben in den Diagrammen sind Richtwerte. [Quelle: <a href=\"https:\/\/www.biogaseinspeisung.de\" target=\"_blank\" rel=\"noopener\">www.biogaseinspeisung.de<\/a>]\t\t\t\t\t\t\t\t<\/div>\n\t\t\t\t<\/div>\n\t\t\t\t<\/div>\n\t\t\t\t\t<\/div>\n\t\t\t\t<\/div>\n\t\t\t\t<\/div>\n\t\t","protected":false},"excerpt":{"rendered":"<p>Economic viability: In the course of a profitability analysis, we determined the expected costs per Nm\u00b3 of biomethane, taking into account acquisition costs, maintenance and operating costs, as well as the membrane costs expected from today&#039;s perspective. A 10-year calculation period was used for this, and a module lifetime of 3 years was assumed. Naturally, the costs depend heavily on the operating conditions, such as the required... <a class=\"continue\" href=\"https:\/\/gt-himmel.com\/en\/wirtschaftlichkeit\/\">Read more<span> economy<\/span><\/a><\/p>","protected":false},"author":1,"featured_media":0,"parent":0,"menu_order":0,"comment_status":"closed","ping_status":"closed","template":"","meta":{"footnotes":""},"class_list":["post-52338","page","type-page","status-publish","hentry"],"yoast_head":"<!-- This site is optimized with the Yoast SEO plugin v27.3 - https:\/\/yoast.com\/product\/yoast-seo-wordpress\/ -->\n<title>H\u00f6chste Wirtschaftlichkeit f\u00fcr Ihr Biomethan<\/title>\n<meta name=\"description\" content=\"Holen Sie sich die h\u00f6chste Wirtschaftlichkeit f\u00fcr Ihr Biomethan. Maximieren Sie den Wirkungsgrad. Kosten optimieren. Profitabilit\u00e4t verbessern.\" \/>\n<meta name=\"robots\" content=\"index, follow, max-snippet:-1, max-image-preview:large, max-video-preview:-1\" \/>\n<link rel=\"canonical\" href=\"https:\/\/gt-himmel.com\/en\/economy\/\" \/>\n<meta property=\"og:locale\" content=\"en_GB\" \/>\n<meta property=\"og:type\" content=\"article\" \/>\n<meta property=\"og:title\" content=\"H\u00f6chste Wirtschaftlichkeit f\u00fcr Ihr Biomethan\" \/>\n<meta property=\"og:description\" content=\"Holen Sie sich die h\u00f6chste Wirtschaftlichkeit f\u00fcr Ihr Biomethan. Maximieren Sie den Wirkungsgrad. Kosten optimieren. Profitabilit\u00e4t verbessern.\" \/>\n<meta property=\"og:url\" content=\"https:\/\/gt-himmel.com\/en\/economy\/\" \/>\n<meta property=\"og:site_name\" content=\"Gastechnik Himmel GmbH\" \/>\n<meta property=\"article:modified_time\" content=\"2025-04-07T08:01:02+00:00\" \/>\n<meta property=\"og:image\" content=\"https:\/\/gt-himmel.com\/wp-content\/uploads\/2022\/11\/icon-72x72-1.png\" \/>\n\t<meta property=\"og:image:width\" content=\"72\" \/>\n\t<meta property=\"og:image:height\" content=\"72\" \/>\n\t<meta property=\"og:image:type\" content=\"image\/png\" \/>\n<meta name=\"twitter:card\" content=\"summary_large_image\" \/>\n<meta name=\"twitter:label1\" content=\"Estimated reading time\" \/>\n\t<meta name=\"twitter:data1\" content=\"1 minute\" \/>\n<script type=\"application\/ld+json\" class=\"yoast-schema-graph\">{\"@context\":\"https:\\\/\\\/schema.org\",\"@graph\":[{\"@type\":\"WebPage\",\"@id\":\"https:\\\/\\\/gt-himmel.com\\\/wirtschaftlichkeit\\\/\",\"url\":\"https:\\\/\\\/gt-himmel.com\\\/wirtschaftlichkeit\\\/\",\"name\":\"H\u00f6chste Wirtschaftlichkeit f\u00fcr Ihr Biomethan\",\"isPartOf\":{\"@id\":\"https:\\\/\\\/gt-himmel.com\\\/#website\"},\"primaryImageOfPage\":{\"@id\":\"https:\\\/\\\/gt-himmel.com\\\/wirtschaftlichkeit\\\/#primaryimage\"},\"image\":{\"@id\":\"https:\\\/\\\/gt-himmel.com\\\/wirtschaftlichkeit\\\/#primaryimage\"},\"thumbnailUrl\":\"https:\\\/\\\/gt-himmel.com\\\/wp-content\\\/uploads\\\/2022\\\/11\\\/icon-72x72-1.png\",\"datePublished\":\"2025-03-28T13:06:41+00:00\",\"dateModified\":\"2025-04-07T08:01:02+00:00\",\"description\":\"Holen Sie sich die h\u00f6chste Wirtschaftlichkeit f\u00fcr Ihr Biomethan. Maximieren Sie den Wirkungsgrad. Kosten optimieren. Profitabilit\u00e4t verbessern.\",\"breadcrumb\":{\"@id\":\"https:\\\/\\\/gt-himmel.com\\\/wirtschaftlichkeit\\\/#breadcrumb\"},\"inLanguage\":\"en-GB\",\"potentialAction\":[{\"@type\":\"ReadAction\",\"target\":[\"https:\\\/\\\/gt-himmel.com\\\/wirtschaftlichkeit\\\/\"]}]},{\"@type\":\"ImageObject\",\"inLanguage\":\"en-GB\",\"@id\":\"https:\\\/\\\/gt-himmel.com\\\/wirtschaftlichkeit\\\/#primaryimage\",\"url\":\"https:\\\/\\\/gt-himmel.com\\\/wp-content\\\/uploads\\\/2022\\\/11\\\/icon-72x72-1.png\",\"contentUrl\":\"https:\\\/\\\/gt-himmel.com\\\/wp-content\\\/uploads\\\/2022\\\/11\\\/icon-72x72-1.png\"},{\"@type\":\"BreadcrumbList\",\"@id\":\"https:\\\/\\\/gt-himmel.com\\\/wirtschaftlichkeit\\\/#breadcrumb\",\"itemListElement\":[{\"@type\":\"ListItem\",\"position\":1,\"name\":\"Startseite\",\"item\":\"https:\\\/\\\/gt-himmel.com\\\/\"},{\"@type\":\"ListItem\",\"position\":2,\"name\":\"Wirtschaftlichkeit\"}]},{\"@type\":\"WebSite\",\"@id\":\"https:\\\/\\\/gt-himmel.com\\\/#website\",\"url\":\"https:\\\/\\\/gt-himmel.com\\\/\",\"name\":\"Gastechnik Himmel GmbH\",\"description\":\"\",\"publisher\":{\"@id\":\"https:\\\/\\\/gt-himmel.com\\\/#organization\"},\"potentialAction\":[{\"@type\":\"SearchAction\",\"target\":{\"@type\":\"EntryPoint\",\"urlTemplate\":\"https:\\\/\\\/gt-himmel.com\\\/?s={search_term_string}\"},\"query-input\":{\"@type\":\"PropertyValueSpecification\",\"valueRequired\":true,\"valueName\":\"search_term_string\"}}],\"inLanguage\":\"en-GB\"},{\"@type\":\"Organization\",\"@id\":\"https:\\\/\\\/gt-himmel.com\\\/#organization\",\"name\":\"Gastechnik Himmel GmbH\",\"url\":\"https:\\\/\\\/gt-himmel.com\\\/\",\"logo\":{\"@type\":\"ImageObject\",\"inLanguage\":\"en-GB\",\"@id\":\"https:\\\/\\\/gt-himmel.com\\\/#\\\/schema\\\/logo\\\/image\\\/\",\"url\":\"https:\\\/\\\/gt-himmel.com\\\/wp-content\\\/uploads\\\/2021\\\/09\\\/gth-logo-xl-500.png\",\"contentUrl\":\"https:\\\/\\\/gt-himmel.com\\\/wp-content\\\/uploads\\\/2021\\\/09\\\/gth-logo-xl-500.png\",\"width\":500,\"height\":217,\"caption\":\"Gastechnik Himmel GmbH\"},\"image\":{\"@id\":\"https:\\\/\\\/gt-himmel.com\\\/#\\\/schema\\\/logo\\\/image\\\/\"}}]}<\/script>\n<!-- \/ Yoast SEO plugin. -->","yoast_head_json":{"title":"Maximum efficiency for your biomethane","description":"Get the highest economic efficiency for your biomethane. Maximize efficiency. Optimize costs. Improve profitability.","robots":{"index":"index","follow":"follow","max-snippet":"max-snippet:-1","max-image-preview":"max-image-preview:large","max-video-preview":"max-video-preview:-1"},"canonical":"https:\/\/gt-himmel.com\/en\/economy\/","og_locale":"en_GB","og_type":"article","og_title":"H\u00f6chste Wirtschaftlichkeit f\u00fcr Ihr Biomethan","og_description":"Holen Sie sich die h\u00f6chste Wirtschaftlichkeit f\u00fcr Ihr Biomethan. Maximieren Sie den Wirkungsgrad. Kosten optimieren. Profitabilit\u00e4t verbessern.","og_url":"https:\/\/gt-himmel.com\/en\/economy\/","og_site_name":"Gastechnik Himmel GmbH","article_modified_time":"2025-04-07T08:01:02+00:00","og_image":[{"width":72,"height":72,"url":"https:\/\/gt-himmel.com\/wp-content\/uploads\/2022\/11\/icon-72x72-1.png","type":"image\/png"}],"twitter_card":"summary_large_image","twitter_misc":{"Estimated reading time":"1 minute"},"schema":{"@context":"https:\/\/schema.org","@graph":[{"@type":"WebPage","@id":"https:\/\/gt-himmel.com\/wirtschaftlichkeit\/","url":"https:\/\/gt-himmel.com\/wirtschaftlichkeit\/","name":"Maximum efficiency for your biomethane","isPartOf":{"@id":"https:\/\/gt-himmel.com\/#website"},"primaryImageOfPage":{"@id":"https:\/\/gt-himmel.com\/wirtschaftlichkeit\/#primaryimage"},"image":{"@id":"https:\/\/gt-himmel.com\/wirtschaftlichkeit\/#primaryimage"},"thumbnailUrl":"https:\/\/gt-himmel.com\/wp-content\/uploads\/2022\/11\/icon-72x72-1.png","datePublished":"2025-03-28T13:06:41+00:00","dateModified":"2025-04-07T08:01:02+00:00","description":"Get the highest economic efficiency for your biomethane. Maximize efficiency. Optimize costs. Improve profitability.","breadcrumb":{"@id":"https:\/\/gt-himmel.com\/wirtschaftlichkeit\/#breadcrumb"},"inLanguage":"en-GB","potentialAction":[{"@type":"ReadAction","target":["https:\/\/gt-himmel.com\/wirtschaftlichkeit\/"]}]},{"@type":"ImageObject","inLanguage":"en-GB","@id":"https:\/\/gt-himmel.com\/wirtschaftlichkeit\/#primaryimage","url":"https:\/\/gt-himmel.com\/wp-content\/uploads\/2022\/11\/icon-72x72-1.png","contentUrl":"https:\/\/gt-himmel.com\/wp-content\/uploads\/2022\/11\/icon-72x72-1.png"},{"@type":"BreadcrumbList","@id":"https:\/\/gt-himmel.com\/wirtschaftlichkeit\/#breadcrumb","itemListElement":[{"@type":"ListItem","position":1,"name":"Startseite","item":"https:\/\/gt-himmel.com\/"},{"@type":"ListItem","position":2,"name":"Wirtschaftlichkeit"}]},{"@type":"WebSite","@id":"https:\/\/gt-himmel.com\/#website","url":"https:\/\/gt-himmel.com\/","name":"Gastechnik Himmel GmbH","description":"","publisher":{"@id":"https:\/\/gt-himmel.com\/#organization"},"potentialAction":[{"@type":"SearchAction","target":{"@type":"EntryPoint","urlTemplate":"https:\/\/gt-himmel.com\/?s={search_term_string}"},"query-input":{"@type":"PropertyValueSpecification","valueRequired":true,"valueName":"search_term_string"}}],"inLanguage":"en-GB"},{"@type":"Organization","@id":"https:\/\/gt-himmel.com\/#organization","name":"Gastechnik Himmel GmbH","url":"https:\/\/gt-himmel.com\/","logo":{"@type":"ImageObject","inLanguage":"en-GB","@id":"https:\/\/gt-himmel.com\/#\/schema\/logo\/image\/","url":"https:\/\/gt-himmel.com\/wp-content\/uploads\/2021\/09\/gth-logo-xl-500.png","contentUrl":"https:\/\/gt-himmel.com\/wp-content\/uploads\/2021\/09\/gth-logo-xl-500.png","width":500,"height":217,"caption":"Gastechnik Himmel GmbH"},"image":{"@id":"https:\/\/gt-himmel.com\/#\/schema\/logo\/image\/"}}]}},"_links":{"self":[{"href":"https:\/\/gt-himmel.com\/en\/wp-json\/wp\/v2\/pages\/52338","targetHints":{"allow":["GET"]}}],"collection":[{"href":"https:\/\/gt-himmel.com\/en\/wp-json\/wp\/v2\/pages"}],"about":[{"href":"https:\/\/gt-himmel.com\/en\/wp-json\/wp\/v2\/types\/page"}],"author":[{"embeddable":true,"href":"https:\/\/gt-himmel.com\/en\/wp-json\/wp\/v2\/users\/1"}],"replies":[{"embeddable":true,"href":"https:\/\/gt-himmel.com\/en\/wp-json\/wp\/v2\/comments?post=52338"}],"version-history":[{"count":20,"href":"https:\/\/gt-himmel.com\/en\/wp-json\/wp\/v2\/pages\/52338\/revisions"}],"predecessor-version":[{"id":56248,"href":"https:\/\/gt-himmel.com\/en\/wp-json\/wp\/v2\/pages\/52338\/revisions\/56248"}],"wp:attachment":[{"href":"https:\/\/gt-himmel.com\/en\/wp-json\/wp\/v2\/media?parent=52338"}],"curies":[{"name":"wp","href":"https:\/\/api.w.org\/{rel}","templated":true}]}}