{"id":52367,"date":"2025-03-28T16:23:11","date_gmt":"2025-03-28T15:23:11","guid":{"rendered":"https:\/\/gt-himmel.com\/?page_id=52367"},"modified":"2025-06-23T10:14:25","modified_gmt":"2025-06-23T08:14:25","slug":"large-scale-plant-in-sachsendorf","status":"publish","type":"page","link":"https:\/\/gt-himmel.com\/en\/grosstechnische-anlage-sachsendorf\/","title":{"rendered":"Large-scale plant Sachsendorf"},"content":{"rendered":"<div data-elementor-type=\"wp-page\" data-elementor-id=\"52367\" class=\"elementor elementor-52367\" data-elementor-post-type=\"page\">\n\t\t\t\t<div class=\"elementor-element elementor-element-9dc4f68 e-flex e-con-boxed e-con e-parent\" data-id=\"9dc4f68\" data-element_type=\"container\" data-e-type=\"container\" data-settings=\"{&quot;background_background&quot;:&quot;classic&quot;}\">\n\t\t\t\t\t<div class=\"e-con-inner\">\n\t\t\t\t\t<\/div>\n\t\t\t\t<\/div>\n\t\t<div class=\"elementor-element elementor-element-7ee8709 e-flex e-con-boxed e-con e-parent\" data-id=\"7ee8709\" data-element_type=\"container\" data-e-type=\"container\">\n\t\t\t\t\t<div class=\"e-con-inner\">\n\t\t<div class=\"elementor-element elementor-element-c3ff7d4 e-con-full e-flex e-con e-child\" data-id=\"c3ff7d4\" data-element_type=\"container\" data-e-type=\"container\">\n\t\t<div class=\"elementor-element elementor-element-7494fb4 e-con-full e-flex e-con e-child\" data-id=\"7494fb4\" data-element_type=\"container\" data-e-type=\"container\">\n\t\t<div class=\"elementor-element elementor-element-c404fc1 e-con-full e-flex e-con e-child\" data-id=\"c404fc1\" data-element_type=\"container\" data-e-type=\"container\" data-settings=\"{&quot;background_background&quot;:&quot;classic&quot;}\">\n\t\t\t\t<div class=\"elementor-element elementor-element-7abc1a9 elementor-widget elementor-widget-image\" data-id=\"7abc1a9\" data-element_type=\"widget\" data-e-type=\"widget\" data-widget_type=\"image.default\">\n\t\t\t\t\t\t\t\t\t\t\t\t\t\t\t<img decoding=\"async\" width=\"72\" height=\"72\" src=\"https:\/\/gt-himmel.com\/wp-content\/uploads\/2022\/11\/icon-72x72-1.png\" class=\"attachment-large size-large wp-image-53241\" alt=\"Stylized icon with a sky and a mountain in blue and yellow colors.\" \/>\t\t\t\t\t\t\t\t\t\t\t\t\t\t\t<\/div>\n\t\t\t\t<div class=\"elementor-element elementor-element-a5dcfaf elementor-widget elementor-widget-qi_addons_for_elementor_section_title\" data-id=\"a5dcfaf\" data-element_type=\"widget\" data-e-type=\"widget\" data-widget_type=\"qi_addons_for_elementor_section_title.default\">\n\t\t\t\t<div class=\"elementor-widget-container\">\n\t\t\t\t\t<div class=\"qodef-shortcode qodef-m qodef-qi-section-title qodef-decoration--italic qodef-link--underline-draw qodef-subtitle-icon--left\">\n\t\t\t\t<p class=\"qodef-m-subtitle\">\n\t\tPILOT PLANT\t\t\t<\/p>\n\t\t\t<h1 class=\"qodef-m-title\">\n\t\tLarge-scale plant Sachsendorf\t<\/h1>\n\t\t\t<\/div>\n\t\t\t\t<\/div>\n\t\t\t\t<\/div>\n\t\t\t\t<div class=\"elementor-element elementor-element-99955f5 elementor-icon-list--layout-traditional elementor-list-item-link-full_width elementor-widget elementor-widget-icon-list\" data-id=\"99955f5\" data-element_type=\"widget\" data-e-type=\"widget\" data-widget_type=\"icon-list.default\">\n\t\t\t\t\t\t\t<ul class=\"elementor-icon-list-items\">\n\t\t\t\t\t\t\t<li class=\"elementor-icon-list-item\">\n\t\t\t\t\t\t\t\t\t\t\t<span class=\"elementor-icon-list-icon\">\n\t\t\t\t\t\t\t<i aria-hidden=\"true\" class=\"fas fa-arrow-circle-right\"><\/i>\t\t\t\t\t\t<\/span>\n\t\t\t\t\t\t\t\t\t\t<span class=\"elementor-icon-list-text\"><span class=\"contact-header\">customer<\/span><br>EnviTec Biogas AG<\/span>\n\t\t\t\t\t\t\t\t\t<\/li>\n\t\t\t\t\t\t\t\t<li class=\"elementor-icon-list-item\">\n\t\t\t\t\t\t\t\t\t\t\t<span class=\"elementor-icon-list-icon\">\n\t\t\t\t\t\t\t<i aria-hidden=\"true\" class=\"fas fa-arrow-circle-right\"><\/i>\t\t\t\t\t\t<\/span>\n\t\t\t\t\t\t\t\t\t\t<span class=\"elementor-icon-list-text\"><span class=\"contact-header\">Date<\/span><br>October 2012<\/span>\n\t\t\t\t\t\t\t\t\t<\/li>\n\t\t\t\t\t\t\t\t<li class=\"elementor-icon-list-item\">\n\t\t\t\t\t\t\t\t\t\t\t<span class=\"elementor-icon-list-icon\">\n\t\t\t\t\t\t\t<i aria-hidden=\"true\" class=\"fas fa-arrow-circle-right\"><\/i>\t\t\t\t\t\t<\/span>\n\t\t\t\t\t\t\t\t\t\t<span class=\"elementor-icon-list-text\"><span class=\"contact-header\">Location<\/span><br>Sachsendorf, Germany<\/span>\n\t\t\t\t\t\t\t\t\t<\/li>\n\t\t\t\t\t\t\t\t<li class=\"elementor-icon-list-item\">\n\t\t\t\t\t\t\t\t\t\t\t<span class=\"elementor-icon-list-icon\">\n\t\t\t\t\t\t\t<i aria-hidden=\"true\" class=\"fas fa-arrow-circle-right\"><\/i>\t\t\t\t\t\t<\/span>\n\t\t\t\t\t\t\t\t\t\t<span class=\"elementor-icon-list-text\"><span class=\"contact-header\">category<\/span><br>Biogas upgrading plant<\/span>\n\t\t\t\t\t\t\t\t\t<\/li>\n\t\t\t\t\t\t<\/ul>\n\t\t\t\t\t\t<\/div>\n\t\t\t\t<\/div>\n\t\t<div class=\"elementor-element elementor-element-0a186f8 e-con-full e-flex e-con e-child\" data-id=\"0a186f8\" data-element_type=\"container\" data-e-type=\"container\" data-settings=\"{&quot;background_background&quot;:&quot;classic&quot;}\">\n\t\t\t\t<\/div>\n\t\t\t\t<\/div>\n\t\t\t\t<div class=\"elementor-element elementor-element-7fb5745 elementor-widget elementor-widget-text-editor\" data-id=\"7fb5745\" data-element_type=\"widget\" data-e-type=\"widget\" data-widget_type=\"text-editor.default\">\n\t\t\t\t\t\t\t\t\t<p>The first large-scale implementation of a biogas upgrading plant using EVONIK SEPURAN\u00ae Green membrane modules was handed over to EnviTec Biogas AG in October 2012. The plant is designed for a raw gas flow rate of 150-200 Nm3\/h and is configured in three stages for minimal methane slip.<\/p><p>GAH carried out the complete process engineering rough and detailed planning, manufacturing, pre-commissioning (with T\u00dcV Austria according to applicable safety standards) and commissioning at the Sachsendorf site by our technicians in close cooperation with the customer and the membrane manufacturer.<\/p>\t\t\t\t\t\t\t\t<\/div>\n\t\t\t\t<div class=\"elementor-element elementor-element-7f8c38b elementor-widget elementor-widget-qi_addons_for_elementor_blockquote\" data-id=\"7f8c38b\" data-element_type=\"widget\" data-e-type=\"widget\" data-widget_type=\"qi_addons_for_elementor_blockquote.default\">\n\t\t\t\t<div class=\"elementor-widget-container\">\n\t\t\t\t\t<div class=\"qodef-shortcode qodef-m qodef-qi-blockquote qodef-layout--inline qodef--icon-pack\">\n\t\t\t<h3 class=\"qodef-m-text\">\n\t\t\t\t\t\t\t<span class=\"qodef-m-icon\">\n\t\t\t\t\t<i aria-hidden=\"true\" class=\"fas fa-exclamation\"><\/i>\t\t\t\t<\/span>\n\t\t\t\t\t\tThe results meet or even exceed the high expectations and predictions!\t\t<\/h3>\n\t<\/div>\n\t\t\t\t<\/div>\n\t\t\t\t<\/div>\n\t\t\t\t<div class=\"elementor-element elementor-element-1559ff2 elementor-widget elementor-widget-gallery\" data-id=\"1559ff2\" data-element_type=\"widget\" data-e-type=\"widget\" data-settings=\"{&quot;columns&quot;:3,&quot;aspect_ratio&quot;:&quot;16:9&quot;,&quot;lazyload&quot;:&quot;yes&quot;,&quot;gallery_layout&quot;:&quot;grid&quot;,&quot;columns_tablet&quot;:2,&quot;columns_mobile&quot;:1,&quot;gap&quot;:{&quot;unit&quot;:&quot;px&quot;,&quot;size&quot;:10,&quot;sizes&quot;:[]},&quot;gap_tablet&quot;:{&quot;unit&quot;:&quot;px&quot;,&quot;size&quot;:10,&quot;sizes&quot;:[]},&quot;gap_mobile&quot;:{&quot;unit&quot;:&quot;px&quot;,&quot;size&quot;:10,&quot;sizes&quot;:[]},&quot;link_to&quot;:&quot;file&quot;,&quot;overlay_background&quot;:&quot;yes&quot;,&quot;content_hover_animation&quot;:&quot;fade-in&quot;}\" data-widget_type=\"gallery.default\">\n\t\t\t\t\t\t\t<div class=\"elementor-gallery__container\">\n\t\t\t\t\t\t\t<a class=\"e-gallery-item elementor-gallery-item elementor-animated-content\" href=\"https:\/\/gt-himmel.com\/wp-content\/uploads\/2022\/11\/1.jpg\" data-elementor-open-lightbox=\"yes\" data-elementor-lightbox-slideshow=\"1559ff2\" data-elementor-lightbox-title=\"Technische Ausr\u00fcstung in einem Industriegeb\u00e4ude\" data-elementor-lightbox-description=\"Eine Ansicht von blauer technischer Ausr\u00fcstung in einem Industriegeb\u00e4ude, bestehend aus Rohren und verschiedenen Ger\u00e4ten.\" data-e-action-hash=\"#elementor-action%3Aaction%3Dlightbox%26settings%3DeyJpZCI6NTMyNzQsInVybCI6Imh0dHBzOlwvXC9ndC1oaW1tZWwuY29tXC93cC1jb250ZW50XC91cGxvYWRzXC8yMDIyXC8xMVwvMS5qcGciLCJzbGlkZXNob3ciOiIxNTU5ZmYyIn0%3D\">\n\t\t\t\t\t<div class=\"e-gallery-image elementor-gallery-item__image\" data-thumbnail=\"https:\/\/gt-himmel.com\/wp-content\/uploads\/2022\/11\/1.jpg\" data-width=\"800\" data-height=\"530\" aria-label=\"Blue technical equipment in an industrial building with various pipes and devices.\" role=\"img\" ><\/div>\n\t\t\t\t\t\t\t\t\t\t\t<div class=\"elementor-gallery-item__overlay\"><\/div>\n\t\t\t\t\t\t\t\t\t\t\t\t\t\t<\/a>\n\t\t\t\t\t\t\t<a class=\"e-gallery-item elementor-gallery-item elementor-animated-content\" href=\"https:\/\/gt-himmel.com\/wp-content\/uploads\/2022\/11\/2.jpg\" data-elementor-open-lightbox=\"yes\" data-elementor-lightbox-slideshow=\"1559ff2\" data-elementor-lightbox-title=\"Biogas-Anlage mit SEPURAN-Technologie\" data-elementor-lightbox-description=\"Ein Metallrohr mit einem gelben Hinweis auf Biogas, angebracht an einer Biogasanlage mit SEPURAN-Logo.\" data-e-action-hash=\"#elementor-action%3Aaction%3Dlightbox%26settings%3DeyJpZCI6NTMyNzMsInVybCI6Imh0dHBzOlwvXC9ndC1oaW1tZWwuY29tXC93cC1jb250ZW50XC91cGxvYWRzXC8yMDIyXC8xMVwvMi5qcGciLCJzbGlkZXNob3ciOiIxNTU5ZmYyIn0%3D\">\n\t\t\t\t\t<div class=\"e-gallery-image elementor-gallery-item__image\" data-thumbnail=\"https:\/\/gt-himmel.com\/wp-content\/uploads\/2022\/11\/2.jpg\" data-width=\"800\" data-height=\"529\" aria-label=\"Metal pipe with yellow biogas indication and SEPURAN logo at a biogas plant.\" role=\"img\" ><\/div>\n\t\t\t\t\t\t\t\t\t\t\t<div class=\"elementor-gallery-item__overlay\"><\/div>\n\t\t\t\t\t\t\t\t\t\t\t\t\t\t<\/a>\n\t\t\t\t\t\t\t<a class=\"e-gallery-item elementor-gallery-item elementor-animated-content\" href=\"https:\/\/gt-himmel.com\/wp-content\/uploads\/2022\/11\/3-1.jpg\" data-elementor-open-lightbox=\"yes\" data-elementor-lightbox-slideshow=\"1559ff2\" data-elementor-lightbox-title=\"Technische Ausr\u00fcstung in einem Pumpenraum\" data-elementor-lightbox-description=\"Ein Pumpenraum mit blauen Sensoren und verschiedenen Rohren, die f\u00fcr technische Anwendungen verwendet werden.\" data-e-action-hash=\"#elementor-action%3Aaction%3Dlightbox%26settings%3DeyJpZCI6NTMyNzIsInVybCI6Imh0dHBzOlwvXC9ndC1oaW1tZWwuY29tXC93cC1jb250ZW50XC91cGxvYWRzXC8yMDIyXC8xMVwvMy0xLmpwZyIsInNsaWRlc2hvdyI6IjE1NTlmZjIifQ%3D%3D\">\n\t\t\t\t\t<div class=\"e-gallery-image elementor-gallery-item__image\" data-thumbnail=\"https:\/\/gt-himmel.com\/wp-content\/uploads\/2022\/11\/3-1.jpg\" data-width=\"800\" data-height=\"529\" aria-label=\"Technical equipment with blue sensors and pipes in a pump room.\" role=\"img\" ><\/div>\n\t\t\t\t\t\t\t\t\t\t\t<div class=\"elementor-gallery-item__overlay\"><\/div>\n\t\t\t\t\t\t\t\t\t\t\t\t\t\t<\/a>\n\t\t\t\t\t\t\t<a class=\"e-gallery-item elementor-gallery-item elementor-animated-content\" href=\"https:\/\/gt-himmel.com\/wp-content\/uploads\/2022\/11\/4.jpg\" data-elementor-open-lightbox=\"yes\" data-elementor-lightbox-slideshow=\"1559ff2\" data-elementor-lightbox-title=\"Industrielle Messger\u00e4te und Steuerungseinheit\" data-elementor-lightbox-description=\"Eine Anordnung von industriellen Messger\u00e4ten mit Druckanzeigen und Steuerungseinheit in blauer Farbe, die f\u00fcr technische Anwendungen verwendet werden.\" data-e-action-hash=\"#elementor-action%3Aaction%3Dlightbox%26settings%3DeyJpZCI6NTMyNzEsInVybCI6Imh0dHBzOlwvXC9ndC1oaW1tZWwuY29tXC93cC1jb250ZW50XC91cGxvYWRzXC8yMDIyXC8xMVwvNC5qcGciLCJzbGlkZXNob3ciOiIxNTU5ZmYyIn0%3D\">\n\t\t\t\t\t<div class=\"e-gallery-image elementor-gallery-item__image\" data-thumbnail=\"https:\/\/gt-himmel.com\/wp-content\/uploads\/2022\/11\/4.jpg\" data-width=\"534\" data-height=\"800\" aria-label=\"Industrial measuring instruments with pressure displays and control unit in blue color.\" role=\"img\" ><\/div>\n\t\t\t\t\t\t\t\t\t\t\t<div class=\"elementor-gallery-item__overlay\"><\/div>\n\t\t\t\t\t\t\t\t\t\t\t\t\t\t<\/a>\n\t\t\t\t\t\t\t<a class=\"e-gallery-item elementor-gallery-item elementor-animated-content\" href=\"https:\/\/gt-himmel.com\/wp-content\/uploads\/2022\/11\/5.jpg\" data-elementor-open-lightbox=\"yes\" data-elementor-lightbox-slideshow=\"1559ff2\" data-elementor-lightbox-title=\"Biogas-Anlage mit Anlagentechnik\" data-elementor-lightbox-description=\"Ein Container mit Anlagentechnik f\u00fcr eine Biogas-Anlage, auf einem Gel\u00e4nde im Freien platziert.\" data-e-action-hash=\"#elementor-action%3Aaction%3Dlightbox%26settings%3DeyJpZCI6NTIzNzYsInVybCI6Imh0dHBzOlwvXC9ndC1oaW1tZWwuY29tXC93cC1jb250ZW50XC91cGxvYWRzXC8yMDIyXC8xMVwvNS5qcGciLCJzbGlkZXNob3ciOiIxNTU5ZmYyIn0%3D\">\n\t\t\t\t\t<div class=\"e-gallery-image elementor-gallery-item__image\" data-thumbnail=\"https:\/\/gt-himmel.com\/wp-content\/uploads\/2022\/11\/5.jpg\" data-width=\"800\" data-height=\"434\" aria-label=\"Container with plant technology for an outdoor biogas plant.\" role=\"img\" ><\/div>\n\t\t\t\t\t\t\t\t\t\t\t<div class=\"elementor-gallery-item__overlay\"><\/div>\n\t\t\t\t\t\t\t\t\t\t\t\t\t\t<\/a>\n\t\t\t\t\t<\/div>\n\t\t\t\t\t<\/div>\n\t\t\t\t<\/div>\n\t\t\t\t\t<\/div>\n\t\t\t\t<\/div>\n\t\t\t\t<\/div>","protected":false},"excerpt":{"rendered":"<p>PILOT PLANT Large-scale plant Sachsendorf Customer EnviTec Biogas AG Date October 2012 Location Sachsendorf, Germany Category Biogas upgrading plant The first large-scale implementation of a biogas upgrading plant with EVONIK SEPURAN\u00ae Green membrane modules was handed over to the customer EnviTec Biogas AG in October 2012. The plant is designed for a raw gas flow rate of 150-200 Nm\u00b3\/h and is configured in three stages for minimal methane slip. GAH has\u2026 <a class=\"continue\" href=\"https:\/\/gt-himmel.com\/en\/grosstechnische-anlage-sachsendorf\/\">Read more<span> Large-scale plant Sachsendorf<\/span><\/a><\/p>","protected":false},"author":1,"featured_media":0,"parent":0,"menu_order":0,"comment_status":"closed","ping_status":"closed","template":"","meta":{"footnotes":""},"class_list":["post-52367","page","type-page","status-publish","hentry"],"yoast_head":"<!-- This site is optimized with the Yoast SEO plugin v27.3 - https:\/\/yoast.com\/product\/yoast-seo-wordpress\/ -->\n<title>Gro\u00dftechnische Anlage Sachsendorf<\/title>\n<meta name=\"description\" content=\"Erleben Sie die problemlose Realisierung von Gro\u00dfanlagen mit der Gastechnik Himmel. Wir bieten die komplette Planung, Fertigung,\" \/>\n<meta name=\"robots\" content=\"index, follow, max-snippet:-1, max-image-preview:large, max-video-preview:-1\" \/>\n<link rel=\"canonical\" href=\"https:\/\/gt-himmel.com\/en\/large-scale-plant-in-sachsendorf\/\" \/>\n<meta property=\"og:locale\" content=\"en_GB\" \/>\n<meta property=\"og:type\" content=\"article\" \/>\n<meta property=\"og:title\" content=\"Gro\u00dftechnische Anlage Sachsendorf\" \/>\n<meta property=\"og:description\" content=\"Erleben Sie die problemlose Realisierung von Gro\u00dfanlagen mit der Gastechnik Himmel. Wir bieten die komplette Planung, Fertigung,\" \/>\n<meta property=\"og:url\" content=\"https:\/\/gt-himmel.com\/en\/large-scale-plant-in-sachsendorf\/\" \/>\n<meta property=\"og:site_name\" content=\"Gastechnik Himmel GmbH\" \/>\n<meta property=\"article:modified_time\" content=\"2025-06-23T08:14:25+00:00\" \/>\n<meta property=\"og:image\" content=\"https:\/\/gt-himmel.com\/wp-content\/uploads\/2022\/11\/icon-72x72-1.png\" \/>\n\t<meta property=\"og:image:width\" content=\"72\" \/>\n\t<meta property=\"og:image:height\" content=\"72\" \/>\n\t<meta property=\"og:image:type\" content=\"image\/png\" \/>\n<meta name=\"twitter:card\" content=\"summary_large_image\" \/>\n<meta name=\"twitter:label1\" content=\"Estimated reading time\" \/>\n\t<meta name=\"twitter:data1\" content=\"1 minute\" \/>\n<script type=\"application\/ld+json\" class=\"yoast-schema-graph\">{\"@context\":\"https:\\\/\\\/schema.org\",\"@graph\":[{\"@type\":\"WebPage\",\"@id\":\"https:\\\/\\\/gt-himmel.com\\\/grosstechnische-anlage-sachsendorf\\\/\",\"url\":\"https:\\\/\\\/gt-himmel.com\\\/grosstechnische-anlage-sachsendorf\\\/\",\"name\":\"Gro\u00dftechnische Anlage Sachsendorf\",\"isPartOf\":{\"@id\":\"https:\\\/\\\/gt-himmel.com\\\/#website\"},\"primaryImageOfPage\":{\"@id\":\"https:\\\/\\\/gt-himmel.com\\\/grosstechnische-anlage-sachsendorf\\\/#primaryimage\"},\"image\":{\"@id\":\"https:\\\/\\\/gt-himmel.com\\\/grosstechnische-anlage-sachsendorf\\\/#primaryimage\"},\"thumbnailUrl\":\"https:\\\/\\\/gt-himmel.com\\\/wp-content\\\/uploads\\\/2022\\\/11\\\/icon-72x72-1.png\",\"datePublished\":\"2025-03-28T15:23:11+00:00\",\"dateModified\":\"2025-06-23T08:14:25+00:00\",\"description\":\"Erleben Sie die problemlose Realisierung von Gro\u00dfanlagen mit der Gastechnik Himmel. Wir bieten die komplette Planung, Fertigung,\",\"breadcrumb\":{\"@id\":\"https:\\\/\\\/gt-himmel.com\\\/grosstechnische-anlage-sachsendorf\\\/#breadcrumb\"},\"inLanguage\":\"en-GB\",\"potentialAction\":[{\"@type\":\"ReadAction\",\"target\":[\"https:\\\/\\\/gt-himmel.com\\\/grosstechnische-anlage-sachsendorf\\\/\"]}]},{\"@type\":\"ImageObject\",\"inLanguage\":\"en-GB\",\"@id\":\"https:\\\/\\\/gt-himmel.com\\\/grosstechnische-anlage-sachsendorf\\\/#primaryimage\",\"url\":\"https:\\\/\\\/gt-himmel.com\\\/wp-content\\\/uploads\\\/2022\\\/11\\\/icon-72x72-1.png\",\"contentUrl\":\"https:\\\/\\\/gt-himmel.com\\\/wp-content\\\/uploads\\\/2022\\\/11\\\/icon-72x72-1.png\"},{\"@type\":\"BreadcrumbList\",\"@id\":\"https:\\\/\\\/gt-himmel.com\\\/grosstechnische-anlage-sachsendorf\\\/#breadcrumb\",\"itemListElement\":[{\"@type\":\"ListItem\",\"position\":1,\"name\":\"Startseite\",\"item\":\"https:\\\/\\\/gt-himmel.com\\\/\"},{\"@type\":\"ListItem\",\"position\":2,\"name\":\"Gro\u00dftechnische Anlage Sachsendorf\"}]},{\"@type\":\"WebSite\",\"@id\":\"https:\\\/\\\/gt-himmel.com\\\/#website\",\"url\":\"https:\\\/\\\/gt-himmel.com\\\/\",\"name\":\"Gastechnik Himmel GmbH\",\"description\":\"\",\"publisher\":{\"@id\":\"https:\\\/\\\/gt-himmel.com\\\/#organization\"},\"potentialAction\":[{\"@type\":\"SearchAction\",\"target\":{\"@type\":\"EntryPoint\",\"urlTemplate\":\"https:\\\/\\\/gt-himmel.com\\\/?s={search_term_string}\"},\"query-input\":{\"@type\":\"PropertyValueSpecification\",\"valueRequired\":true,\"valueName\":\"search_term_string\"}}],\"inLanguage\":\"en-GB\"},{\"@type\":\"Organization\",\"@id\":\"https:\\\/\\\/gt-himmel.com\\\/#organization\",\"name\":\"Gastechnik Himmel GmbH\",\"url\":\"https:\\\/\\\/gt-himmel.com\\\/\",\"logo\":{\"@type\":\"ImageObject\",\"inLanguage\":\"en-GB\",\"@id\":\"https:\\\/\\\/gt-himmel.com\\\/#\\\/schema\\\/logo\\\/image\\\/\",\"url\":\"https:\\\/\\\/gt-himmel.com\\\/wp-content\\\/uploads\\\/2021\\\/09\\\/gth-logo-xl-500.png\",\"contentUrl\":\"https:\\\/\\\/gt-himmel.com\\\/wp-content\\\/uploads\\\/2021\\\/09\\\/gth-logo-xl-500.png\",\"width\":500,\"height\":217,\"caption\":\"Gastechnik Himmel GmbH\"},\"image\":{\"@id\":\"https:\\\/\\\/gt-himmel.com\\\/#\\\/schema\\\/logo\\\/image\\\/\"}}]}<\/script>\n<!-- \/ Yoast SEO plugin. -->","yoast_head_json":{"title":"Large-scale plant Sachsendorf","description":"Experience the trouble-free implementation of large-scale systems with Gastechnik Himmel. We offer complete planning, manufacturing,","robots":{"index":"index","follow":"follow","max-snippet":"max-snippet:-1","max-image-preview":"max-image-preview:large","max-video-preview":"max-video-preview:-1"},"canonical":"https:\/\/gt-himmel.com\/en\/large-scale-plant-in-sachsendorf\/","og_locale":"en_GB","og_type":"article","og_title":"Gro\u00dftechnische Anlage Sachsendorf","og_description":"Erleben Sie die problemlose Realisierung von Gro\u00dfanlagen mit der Gastechnik Himmel. Wir bieten die komplette Planung, Fertigung,","og_url":"https:\/\/gt-himmel.com\/en\/large-scale-plant-in-sachsendorf\/","og_site_name":"Gastechnik Himmel GmbH","article_modified_time":"2025-06-23T08:14:25+00:00","og_image":[{"width":72,"height":72,"url":"https:\/\/gt-himmel.com\/wp-content\/uploads\/2022\/11\/icon-72x72-1.png","type":"image\/png"}],"twitter_card":"summary_large_image","twitter_misc":{"Estimated reading time":"1 minute"},"schema":{"@context":"https:\/\/schema.org","@graph":[{"@type":"WebPage","@id":"https:\/\/gt-himmel.com\/grosstechnische-anlage-sachsendorf\/","url":"https:\/\/gt-himmel.com\/grosstechnische-anlage-sachsendorf\/","name":"Large-scale plant Sachsendorf","isPartOf":{"@id":"https:\/\/gt-himmel.com\/#website"},"primaryImageOfPage":{"@id":"https:\/\/gt-himmel.com\/grosstechnische-anlage-sachsendorf\/#primaryimage"},"image":{"@id":"https:\/\/gt-himmel.com\/grosstechnische-anlage-sachsendorf\/#primaryimage"},"thumbnailUrl":"https:\/\/gt-himmel.com\/wp-content\/uploads\/2022\/11\/icon-72x72-1.png","datePublished":"2025-03-28T15:23:11+00:00","dateModified":"2025-06-23T08:14:25+00:00","description":"Experience the trouble-free implementation of large-scale systems with Gastechnik Himmel. We offer complete planning, manufacturing,","breadcrumb":{"@id":"https:\/\/gt-himmel.com\/grosstechnische-anlage-sachsendorf\/#breadcrumb"},"inLanguage":"en-GB","potentialAction":[{"@type":"ReadAction","target":["https:\/\/gt-himmel.com\/grosstechnische-anlage-sachsendorf\/"]}]},{"@type":"ImageObject","inLanguage":"en-GB","@id":"https:\/\/gt-himmel.com\/grosstechnische-anlage-sachsendorf\/#primaryimage","url":"https:\/\/gt-himmel.com\/wp-content\/uploads\/2022\/11\/icon-72x72-1.png","contentUrl":"https:\/\/gt-himmel.com\/wp-content\/uploads\/2022\/11\/icon-72x72-1.png"},{"@type":"BreadcrumbList","@id":"https:\/\/gt-himmel.com\/grosstechnische-anlage-sachsendorf\/#breadcrumb","itemListElement":[{"@type":"ListItem","position":1,"name":"Startseite","item":"https:\/\/gt-himmel.com\/"},{"@type":"ListItem","position":2,"name":"Gro\u00dftechnische Anlage Sachsendorf"}]},{"@type":"WebSite","@id":"https:\/\/gt-himmel.com\/#website","url":"https:\/\/gt-himmel.com\/","name":"Gastechnik Himmel GmbH","description":"","publisher":{"@id":"https:\/\/gt-himmel.com\/#organization"},"potentialAction":[{"@type":"SearchAction","target":{"@type":"EntryPoint","urlTemplate":"https:\/\/gt-himmel.com\/?s={search_term_string}"},"query-input":{"@type":"PropertyValueSpecification","valueRequired":true,"valueName":"search_term_string"}}],"inLanguage":"en-GB"},{"@type":"Organization","@id":"https:\/\/gt-himmel.com\/#organization","name":"Gastechnik Himmel GmbH","url":"https:\/\/gt-himmel.com\/","logo":{"@type":"ImageObject","inLanguage":"en-GB","@id":"https:\/\/gt-himmel.com\/#\/schema\/logo\/image\/","url":"https:\/\/gt-himmel.com\/wp-content\/uploads\/2021\/09\/gth-logo-xl-500.png","contentUrl":"https:\/\/gt-himmel.com\/wp-content\/uploads\/2021\/09\/gth-logo-xl-500.png","width":500,"height":217,"caption":"Gastechnik Himmel GmbH"},"image":{"@id":"https:\/\/gt-himmel.com\/#\/schema\/logo\/image\/"}}]}},"_links":{"self":[{"href":"https:\/\/gt-himmel.com\/en\/wp-json\/wp\/v2\/pages\/52367","targetHints":{"allow":["GET"]}}],"collection":[{"href":"https:\/\/gt-himmel.com\/en\/wp-json\/wp\/v2\/pages"}],"about":[{"href":"https:\/\/gt-himmel.com\/en\/wp-json\/wp\/v2\/types\/page"}],"author":[{"embeddable":true,"href":"https:\/\/gt-himmel.com\/en\/wp-json\/wp\/v2\/users\/1"}],"replies":[{"embeddable":true,"href":"https:\/\/gt-himmel.com\/en\/wp-json\/wp\/v2\/comments?post=52367"}],"version-history":[{"count":10,"href":"https:\/\/gt-himmel.com\/en\/wp-json\/wp\/v2\/pages\/52367\/revisions"}],"predecessor-version":[{"id":56251,"href":"https:\/\/gt-himmel.com\/en\/wp-json\/wp\/v2\/pages\/52367\/revisions\/56251"}],"wp:attachment":[{"href":"https:\/\/gt-himmel.com\/en\/wp-json\/wp\/v2\/media?parent=52367"}],"curies":[{"name":"wp","href":"https:\/\/api.w.org\/{rel}","templated":true}]}}