{"id":52369,"date":"2025-03-28T16:23:35","date_gmt":"2025-03-28T15:23:35","guid":{"rendered":"https:\/\/gt-himmel.com\/?page_id=52369"},"modified":"2025-06-23T10:15:11","modified_gmt":"2025-06-23T08:15:11","slug":"experimental-facility-in-neukirchen-voeckla","status":"publish","type":"page","link":"https:\/\/gt-himmel.com\/en\/versuchsanlage-in-neukirchen-voeckla\/","title":{"rendered":"Test facility in Neukirchen\/V\u00f6ckla"},"content":{"rendered":"<div data-elementor-type=\"wp-page\" data-elementor-id=\"52369\" class=\"elementor elementor-52369\" data-elementor-post-type=\"page\">\n\t\t\t\t<div class=\"elementor-element elementor-element-2bf714f e-flex e-con-boxed e-con e-parent\" data-id=\"2bf714f\" data-element_type=\"container\" data-e-type=\"container\" data-settings=\"{&quot;background_background&quot;:&quot;classic&quot;}\">\n\t\t\t\t\t<div class=\"e-con-inner\">\n\t\t\t\t\t<\/div>\n\t\t\t\t<\/div>\n\t\t<div class=\"elementor-element elementor-element-4aabef7 e-flex e-con-boxed e-con e-parent\" data-id=\"4aabef7\" data-element_type=\"container\" data-e-type=\"container\">\n\t\t\t\t\t<div class=\"e-con-inner\">\n\t\t<div class=\"elementor-element elementor-element-6a9ce95 e-con-full e-flex e-con e-child\" data-id=\"6a9ce95\" data-element_type=\"container\" data-e-type=\"container\">\n\t\t<div class=\"elementor-element elementor-element-562b99d e-con-full e-flex e-con e-child\" data-id=\"562b99d\" data-element_type=\"container\" data-e-type=\"container\">\n\t\t<div class=\"elementor-element elementor-element-784ea8c e-con-full e-flex e-con e-child\" data-id=\"784ea8c\" data-element_type=\"container\" data-e-type=\"container\" data-settings=\"{&quot;background_background&quot;:&quot;classic&quot;}\">\n\t\t\t\t<div class=\"elementor-element elementor-element-2a354d6 elementor-widget elementor-widget-image\" data-id=\"2a354d6\" data-element_type=\"widget\" data-e-type=\"widget\" data-widget_type=\"image.default\">\n\t\t\t\t\t\t\t\t\t\t\t\t\t\t\t<img decoding=\"async\" width=\"72\" height=\"72\" src=\"https:\/\/gt-himmel.com\/wp-content\/uploads\/2022\/11\/icon-72x72-1.png\" class=\"attachment-large size-large wp-image-53241\" alt=\"Stylized icon with a sky and a mountain in blue and yellow colors.\" \/>\t\t\t\t\t\t\t\t\t\t\t\t\t\t\t<\/div>\n\t\t\t\t<div class=\"elementor-element elementor-element-7356473 elementor-widget elementor-widget-qi_addons_for_elementor_section_title\" data-id=\"7356473\" data-element_type=\"widget\" data-e-type=\"widget\" data-widget_type=\"qi_addons_for_elementor_section_title.default\">\n\t\t\t\t<div class=\"elementor-widget-container\">\n\t\t\t\t\t<div class=\"qodef-shortcode qodef-m qodef-qi-section-title qodef-decoration--italic qodef-link--underline-draw qodef-subtitle-icon--left\">\n\t\t\t\t<p class=\"qodef-m-subtitle\">\n\t\tPILOT PLANT\t\t\t<\/p>\n\t\t\t<h1 class=\"qodef-m-title\">\n\t\tTest facility in Neukirchen\/V\u00f6ckla\t<\/h1>\n\t\t\t<\/div>\n\t\t\t\t<\/div>\n\t\t\t\t<\/div>\n\t\t\t\t<div class=\"elementor-element elementor-element-04a3e91 elementor-icon-list--layout-traditional elementor-list-item-link-full_width elementor-widget elementor-widget-icon-list\" data-id=\"04a3e91\" data-element_type=\"widget\" data-e-type=\"widget\" data-widget_type=\"icon-list.default\">\n\t\t\t\t\t\t\t<ul class=\"elementor-icon-list-items\">\n\t\t\t\t\t\t\t<li class=\"elementor-icon-list-item\">\n\t\t\t\t\t\t\t\t\t\t\t<span class=\"elementor-icon-list-icon\">\n\t\t\t\t\t\t\t<i aria-hidden=\"true\" class=\"fas fa-arrow-circle-right\"><\/i>\t\t\t\t\t\t<\/span>\n\t\t\t\t\t\t\t\t\t\t<span class=\"elementor-icon-list-text\"><span class=\"contact-header\">Location<\/span><br>Neukirchen\/V\u00f6ckla<\/span>\n\t\t\t\t\t\t\t\t\t<\/li>\n\t\t\t\t\t\t\t\t<li class=\"elementor-icon-list-item\">\n\t\t\t\t\t\t\t\t\t\t\t<span class=\"elementor-icon-list-icon\">\n\t\t\t\t\t\t\t<i aria-hidden=\"true\" class=\"fas fa-arrow-circle-right\"><\/i>\t\t\t\t\t\t<\/span>\n\t\t\t\t\t\t\t\t\t\t<span class=\"elementor-icon-list-text\"><span class=\"contact-header\">category<\/span><br>Membrane separation processes<\/span>\n\t\t\t\t\t\t\t\t\t<\/li>\n\t\t\t\t\t\t<\/ul>\n\t\t\t\t\t\t<\/div>\n\t\t\t\t<\/div>\n\t\t<div class=\"elementor-element elementor-element-34da3e8 e-con-full e-flex e-con e-child\" data-id=\"34da3e8\" data-element_type=\"container\" data-e-type=\"container\" data-settings=\"{&quot;background_background&quot;:&quot;classic&quot;}\">\n\t\t\t\t<\/div>\n\t\t\t\t<\/div>\n\t\t\t\t<div class=\"elementor-element elementor-element-b23134f elementor-widget elementor-widget-text-editor\" data-id=\"b23134f\" data-element_type=\"widget\" data-e-type=\"widget\" data-widget_type=\"text-editor.default\">\n\t\t\t\t\t\t\t\t\t<p>GTH has built a pilot plant to optimize the membrane separation process. This allows for semi-industrial research series to be conducted on a large-scale basis and valuable insights to be gained.<\/p>\t\t\t\t\t\t\t\t<\/div>\n\t\t\t\t<div class=\"elementor-element elementor-element-9476bac elementor-widget elementor-widget-qi_addons_for_elementor_blockquote\" data-id=\"9476bac\" data-element_type=\"widget\" data-e-type=\"widget\" data-widget_type=\"qi_addons_for_elementor_blockquote.default\">\n\t\t\t\t<div class=\"elementor-widget-container\">\n\t\t\t\t\t<div class=\"qodef-shortcode qodef-m qodef-qi-blockquote qodef-layout--inline qodef--icon-pack\">\n\t\t\t<h3 class=\"qodef-m-text\">\n\t\t\t\t\t\t\t<span class=\"qodef-m-icon\">\n\t\t\t\t\t<i aria-hidden=\"true\" class=\"fas fa-exclamation\"><\/i>\t\t\t\t<\/span>\n\t\t\t\t\t\tGTH is responsible for maintenance and service here and has already gained valuable operational experience.\t\t<\/h3>\n\t<\/div>\n\t\t\t\t<\/div>\n\t\t\t\t<\/div>\n\t\t\t\t<div class=\"elementor-element elementor-element-2b860b5 elementor-widget elementor-widget-gallery\" data-id=\"2b860b5\" data-element_type=\"widget\" data-e-type=\"widget\" data-settings=\"{&quot;columns&quot;:3,&quot;aspect_ratio&quot;:&quot;16:9&quot;,&quot;lazyload&quot;:&quot;yes&quot;,&quot;gallery_layout&quot;:&quot;grid&quot;,&quot;columns_tablet&quot;:2,&quot;columns_mobile&quot;:1,&quot;gap&quot;:{&quot;unit&quot;:&quot;px&quot;,&quot;size&quot;:10,&quot;sizes&quot;:[]},&quot;gap_tablet&quot;:{&quot;unit&quot;:&quot;px&quot;,&quot;size&quot;:10,&quot;sizes&quot;:[]},&quot;gap_mobile&quot;:{&quot;unit&quot;:&quot;px&quot;,&quot;size&quot;:10,&quot;sizes&quot;:[]},&quot;link_to&quot;:&quot;file&quot;,&quot;overlay_background&quot;:&quot;yes&quot;,&quot;content_hover_animation&quot;:&quot;fade-in&quot;}\" data-widget_type=\"gallery.default\">\n\t\t\t\t\t\t\t<div class=\"elementor-gallery__container\">\n\t\t\t\t\t\t\t<a class=\"e-gallery-item elementor-gallery-item elementor-animated-content\" href=\"https:\/\/gt-himmel.com\/wp-content\/uploads\/2022\/11\/6.jpg\" data-elementor-open-lightbox=\"yes\" data-elementor-lightbox-slideshow=\"2b860b5\" data-elementor-lightbox-title=\"Evonik Industries Containeranlage\" data-elementor-lightbox-description=\"Eine Containeranlage von Evonik Industries, ausgestattet mit verschiedenen Warnhinweisen und einem gro\u00dfen Logo auf der Vorderseite.\" data-e-action-hash=\"#elementor-action%3Aaction%3Dlightbox%26settings%3DeyJpZCI6NTMyNzUsInVybCI6Imh0dHBzOlwvXC9ndC1oaW1tZWwuY29tXC93cC1jb250ZW50XC91cGxvYWRzXC8yMDIyXC8xMVwvNi5qcGciLCJzbGlkZXNob3ciOiIyYjg2MGI1In0%3D\">\n\t\t\t\t\t<div class=\"e-gallery-image elementor-gallery-item__image\" data-thumbnail=\"https:\/\/gt-himmel.com\/wp-content\/uploads\/2022\/11\/6.jpg\" data-width=\"800\" data-height=\"532\" aria-label=\"Container system from Evonik Industries with logo and warning notices on the front.\" role=\"img\" ><\/div>\n\t\t\t\t\t\t\t\t\t\t\t<div class=\"elementor-gallery-item__overlay\"><\/div>\n\t\t\t\t\t\t\t\t\t\t\t\t\t\t<\/a>\n\t\t\t\t\t\t\t<a class=\"e-gallery-item elementor-gallery-item elementor-animated-content\" href=\"https:\/\/gt-himmel.com\/wp-content\/uploads\/2022\/11\/7.jpg\" data-elementor-open-lightbox=\"yes\" data-elementor-lightbox-slideshow=\"2b860b5\" data-elementor-lightbox-title=\"Technische Ausr\u00fcstung in einem Labor\" data-elementor-lightbox-description=\"Ein Laborraum mit technischer Ausr\u00fcstung, einschlie\u00dflich Rohren, Messger\u00e4ten und einem Druckbeh\u00e4lter. Die Anordnung ist funktional und industriell.\" data-e-action-hash=\"#elementor-action%3Aaction%3Dlightbox%26settings%3DeyJpZCI6NTMyNzYsInVybCI6Imh0dHBzOlwvXC9ndC1oaW1tZWwuY29tXC93cC1jb250ZW50XC91cGxvYWRzXC8yMDIyXC8xMVwvNy5qcGciLCJzbGlkZXNob3ciOiIyYjg2MGI1In0%3D\">\n\t\t\t\t\t<div class=\"e-gallery-image elementor-gallery-item__image\" data-thumbnail=\"https:\/\/gt-himmel.com\/wp-content\/uploads\/2022\/11\/7.jpg\" data-width=\"532\" data-height=\"800\" aria-label=\"Technical equipment with pipes and devices in a laboratory room.\" role=\"img\" ><\/div>\n\t\t\t\t\t\t\t\t\t\t\t<div class=\"elementor-gallery-item__overlay\"><\/div>\n\t\t\t\t\t\t\t\t\t\t\t\t\t\t<\/a>\n\t\t\t\t\t\t\t<a class=\"e-gallery-item elementor-gallery-item elementor-animated-content\" href=\"https:\/\/gt-himmel.com\/wp-content\/uploads\/2022\/11\/8.jpg\" data-elementor-open-lightbox=\"yes\" data-elementor-lightbox-slideshow=\"2b860b5\" data-elementor-lightbox-title=\"Industrielle Rohrleitungsanlage mit Ventilen und Messger\u00e4ten\" data-elementor-lightbox-description=\"Eine industrielle Rohrleitungsanlage mit mehreren Rohren, Ventilen und Druckmessger\u00e4ten, die in einem technischen Raum installiert sind.\" data-e-action-hash=\"#elementor-action%3Aaction%3Dlightbox%26settings%3DeyJpZCI6NTMyNzcsInVybCI6Imh0dHBzOlwvXC9ndC1oaW1tZWwuY29tXC93cC1jb250ZW50XC91cGxvYWRzXC8yMDIyXC8xMVwvOC5qcGciLCJzbGlkZXNob3ciOiIyYjg2MGI1In0%3D\">\n\t\t\t\t\t<div class=\"e-gallery-image elementor-gallery-item__image\" data-thumbnail=\"https:\/\/gt-himmel.com\/wp-content\/uploads\/2022\/11\/8.jpg\" data-width=\"800\" data-height=\"558\" aria-label=\"Industrial piping system with multiple pipes, valves and pressure gauges in a technical room.\" role=\"img\" ><\/div>\n\t\t\t\t\t\t\t\t\t\t\t<div class=\"elementor-gallery-item__overlay\"><\/div>\n\t\t\t\t\t\t\t\t\t\t\t\t\t\t<\/a>\n\t\t\t\t\t<\/div>\n\t\t\t\t\t<\/div>\n\t\t\t\t<\/div>\n\t\t\t\t\t<\/div>\n\t\t\t\t<\/div>\n\t\t\t\t<\/div>","protected":false},"excerpt":{"rendered":"<p>PILOT PLANT: Pilot plant in Neukirchen\/V\u00f6ckla Location: Neukirchen\/V\u00f6ckla Category: Membrane separation process. GTH has built a pilot plant to optimize the membrane separation process. Here, research series can be conducted on a semi-industrial scale for large-scale operation and valuable insights can be gained. GTH is responsible for maintenance and service and has already gained valuable operational experience.<\/p>","protected":false},"author":1,"featured_media":0,"parent":0,"menu_order":0,"comment_status":"closed","ping_status":"closed","template":"","meta":{"footnotes":""},"class_list":["post-52369","page","type-page","status-publish","hentry"],"yoast_head":"<!-- This site is optimized with the Yoast SEO plugin v27.3 - https:\/\/yoast.com\/product\/yoast-seo-wordpress\/ -->\n<title>Versuchsanlage in Neukirchen\/V\u00f6ckla<\/title>\n<meta name=\"description\" content=\"Entdecken Sie die beste Testanlage. Gastechnik Himmel hat eine Versuchsanlage zur Optimierung von Membrantrennverfahren gebaut.\" \/>\n<meta name=\"robots\" content=\"index, follow, max-snippet:-1, max-image-preview:large, max-video-preview:-1\" \/>\n<link rel=\"canonical\" href=\"https:\/\/gt-himmel.com\/en\/experimental-facility-in-neukirchen-voeckla\/\" \/>\n<meta property=\"og:locale\" content=\"en_GB\" \/>\n<meta property=\"og:type\" content=\"article\" \/>\n<meta property=\"og:title\" content=\"Versuchsanlage in Neukirchen\/V\u00f6ckla\" \/>\n<meta property=\"og:description\" content=\"Entdecken Sie die beste Testanlage. Gastechnik Himmel hat eine Versuchsanlage zur Optimierung von Membrantrennverfahren gebaut.\" \/>\n<meta property=\"og:url\" content=\"https:\/\/gt-himmel.com\/en\/experimental-facility-in-neukirchen-voeckla\/\" \/>\n<meta property=\"og:site_name\" content=\"Gastechnik Himmel GmbH\" \/>\n<meta property=\"article:modified_time\" content=\"2025-06-23T08:15:11+00:00\" \/>\n<meta property=\"og:image\" content=\"https:\/\/gt-himmel.com\/wp-content\/uploads\/2022\/11\/icon-72x72-1.png\" \/>\n\t<meta property=\"og:image:width\" content=\"72\" \/>\n\t<meta property=\"og:image:height\" content=\"72\" \/>\n\t<meta property=\"og:image:type\" content=\"image\/png\" \/>\n<meta name=\"twitter:card\" content=\"summary_large_image\" \/>\n<meta name=\"twitter:label1\" content=\"Estimated reading time\" \/>\n\t<meta name=\"twitter:data1\" content=\"1 minute\" \/>\n<script type=\"application\/ld+json\" class=\"yoast-schema-graph\">{\"@context\":\"https:\\\/\\\/schema.org\",\"@graph\":[{\"@type\":\"WebPage\",\"@id\":\"https:\\\/\\\/gt-himmel.com\\\/versuchsanlage-in-neukirchen-voeckla\\\/\",\"url\":\"https:\\\/\\\/gt-himmel.com\\\/versuchsanlage-in-neukirchen-voeckla\\\/\",\"name\":\"Versuchsanlage in Neukirchen\\\/V\u00f6ckla\",\"isPartOf\":{\"@id\":\"https:\\\/\\\/gt-himmel.com\\\/#website\"},\"primaryImageOfPage\":{\"@id\":\"https:\\\/\\\/gt-himmel.com\\\/versuchsanlage-in-neukirchen-voeckla\\\/#primaryimage\"},\"image\":{\"@id\":\"https:\\\/\\\/gt-himmel.com\\\/versuchsanlage-in-neukirchen-voeckla\\\/#primaryimage\"},\"thumbnailUrl\":\"https:\\\/\\\/gt-himmel.com\\\/wp-content\\\/uploads\\\/2022\\\/11\\\/icon-72x72-1.png\",\"datePublished\":\"2025-03-28T15:23:35+00:00\",\"dateModified\":\"2025-06-23T08:15:11+00:00\",\"description\":\"Entdecken Sie die beste Testanlage. Gastechnik Himmel hat eine Versuchsanlage zur Optimierung von Membrantrennverfahren gebaut.\",\"breadcrumb\":{\"@id\":\"https:\\\/\\\/gt-himmel.com\\\/versuchsanlage-in-neukirchen-voeckla\\\/#breadcrumb\"},\"inLanguage\":\"en-GB\",\"potentialAction\":[{\"@type\":\"ReadAction\",\"target\":[\"https:\\\/\\\/gt-himmel.com\\\/versuchsanlage-in-neukirchen-voeckla\\\/\"]}]},{\"@type\":\"ImageObject\",\"inLanguage\":\"en-GB\",\"@id\":\"https:\\\/\\\/gt-himmel.com\\\/versuchsanlage-in-neukirchen-voeckla\\\/#primaryimage\",\"url\":\"https:\\\/\\\/gt-himmel.com\\\/wp-content\\\/uploads\\\/2022\\\/11\\\/icon-72x72-1.png\",\"contentUrl\":\"https:\\\/\\\/gt-himmel.com\\\/wp-content\\\/uploads\\\/2022\\\/11\\\/icon-72x72-1.png\"},{\"@type\":\"BreadcrumbList\",\"@id\":\"https:\\\/\\\/gt-himmel.com\\\/versuchsanlage-in-neukirchen-voeckla\\\/#breadcrumb\",\"itemListElement\":[{\"@type\":\"ListItem\",\"position\":1,\"name\":\"Startseite\",\"item\":\"https:\\\/\\\/gt-himmel.com\\\/\"},{\"@type\":\"ListItem\",\"position\":2,\"name\":\"Versuchsanlage in Neukirchen\\\/V\u00f6ckla\"}]},{\"@type\":\"WebSite\",\"@id\":\"https:\\\/\\\/gt-himmel.com\\\/#website\",\"url\":\"https:\\\/\\\/gt-himmel.com\\\/\",\"name\":\"Gastechnik Himmel GmbH\",\"description\":\"\",\"publisher\":{\"@id\":\"https:\\\/\\\/gt-himmel.com\\\/#organization\"},\"potentialAction\":[{\"@type\":\"SearchAction\",\"target\":{\"@type\":\"EntryPoint\",\"urlTemplate\":\"https:\\\/\\\/gt-himmel.com\\\/?s={search_term_string}\"},\"query-input\":{\"@type\":\"PropertyValueSpecification\",\"valueRequired\":true,\"valueName\":\"search_term_string\"}}],\"inLanguage\":\"en-GB\"},{\"@type\":\"Organization\",\"@id\":\"https:\\\/\\\/gt-himmel.com\\\/#organization\",\"name\":\"Gastechnik Himmel GmbH\",\"url\":\"https:\\\/\\\/gt-himmel.com\\\/\",\"logo\":{\"@type\":\"ImageObject\",\"inLanguage\":\"en-GB\",\"@id\":\"https:\\\/\\\/gt-himmel.com\\\/#\\\/schema\\\/logo\\\/image\\\/\",\"url\":\"https:\\\/\\\/gt-himmel.com\\\/wp-content\\\/uploads\\\/2021\\\/09\\\/gth-logo-xl-500.png\",\"contentUrl\":\"https:\\\/\\\/gt-himmel.com\\\/wp-content\\\/uploads\\\/2021\\\/09\\\/gth-logo-xl-500.png\",\"width\":500,\"height\":217,\"caption\":\"Gastechnik Himmel GmbH\"},\"image\":{\"@id\":\"https:\\\/\\\/gt-himmel.com\\\/#\\\/schema\\\/logo\\\/image\\\/\"}}]}<\/script>\n<!-- \/ Yoast SEO plugin. -->","yoast_head_json":{"title":"Test facility in Neukirchen\/V\u00f6ckla","description":"Discover the best test facility. Gastechnik Himmel has built a pilot plant for optimizing membrane separation processes.","robots":{"index":"index","follow":"follow","max-snippet":"max-snippet:-1","max-image-preview":"max-image-preview:large","max-video-preview":"max-video-preview:-1"},"canonical":"https:\/\/gt-himmel.com\/en\/experimental-facility-in-neukirchen-voeckla\/","og_locale":"en_GB","og_type":"article","og_title":"Versuchsanlage in Neukirchen\/V\u00f6ckla","og_description":"Entdecken Sie die beste Testanlage. Gastechnik Himmel hat eine Versuchsanlage zur Optimierung von Membrantrennverfahren gebaut.","og_url":"https:\/\/gt-himmel.com\/en\/experimental-facility-in-neukirchen-voeckla\/","og_site_name":"Gastechnik Himmel GmbH","article_modified_time":"2025-06-23T08:15:11+00:00","og_image":[{"width":72,"height":72,"url":"https:\/\/gt-himmel.com\/wp-content\/uploads\/2022\/11\/icon-72x72-1.png","type":"image\/png"}],"twitter_card":"summary_large_image","twitter_misc":{"Estimated reading time":"1 minute"},"schema":{"@context":"https:\/\/schema.org","@graph":[{"@type":"WebPage","@id":"https:\/\/gt-himmel.com\/versuchsanlage-in-neukirchen-voeckla\/","url":"https:\/\/gt-himmel.com\/versuchsanlage-in-neukirchen-voeckla\/","name":"Test facility in Neukirchen\/V\u00f6ckla","isPartOf":{"@id":"https:\/\/gt-himmel.com\/#website"},"primaryImageOfPage":{"@id":"https:\/\/gt-himmel.com\/versuchsanlage-in-neukirchen-voeckla\/#primaryimage"},"image":{"@id":"https:\/\/gt-himmel.com\/versuchsanlage-in-neukirchen-voeckla\/#primaryimage"},"thumbnailUrl":"https:\/\/gt-himmel.com\/wp-content\/uploads\/2022\/11\/icon-72x72-1.png","datePublished":"2025-03-28T15:23:35+00:00","dateModified":"2025-06-23T08:15:11+00:00","description":"Discover the best test facility. Gastechnik Himmel has built a pilot plant for optimizing membrane separation processes.","breadcrumb":{"@id":"https:\/\/gt-himmel.com\/versuchsanlage-in-neukirchen-voeckla\/#breadcrumb"},"inLanguage":"en-GB","potentialAction":[{"@type":"ReadAction","target":["https:\/\/gt-himmel.com\/versuchsanlage-in-neukirchen-voeckla\/"]}]},{"@type":"ImageObject","inLanguage":"en-GB","@id":"https:\/\/gt-himmel.com\/versuchsanlage-in-neukirchen-voeckla\/#primaryimage","url":"https:\/\/gt-himmel.com\/wp-content\/uploads\/2022\/11\/icon-72x72-1.png","contentUrl":"https:\/\/gt-himmel.com\/wp-content\/uploads\/2022\/11\/icon-72x72-1.png"},{"@type":"BreadcrumbList","@id":"https:\/\/gt-himmel.com\/versuchsanlage-in-neukirchen-voeckla\/#breadcrumb","itemListElement":[{"@type":"ListItem","position":1,"name":"Startseite","item":"https:\/\/gt-himmel.com\/"},{"@type":"ListItem","position":2,"name":"Versuchsanlage in Neukirchen\/V\u00f6ckla"}]},{"@type":"WebSite","@id":"https:\/\/gt-himmel.com\/#website","url":"https:\/\/gt-himmel.com\/","name":"Gastechnik Himmel GmbH","description":"","publisher":{"@id":"https:\/\/gt-himmel.com\/#organization"},"potentialAction":[{"@type":"SearchAction","target":{"@type":"EntryPoint","urlTemplate":"https:\/\/gt-himmel.com\/?s={search_term_string}"},"query-input":{"@type":"PropertyValueSpecification","valueRequired":true,"valueName":"search_term_string"}}],"inLanguage":"en-GB"},{"@type":"Organization","@id":"https:\/\/gt-himmel.com\/#organization","name":"Gastechnik Himmel GmbH","url":"https:\/\/gt-himmel.com\/","logo":{"@type":"ImageObject","inLanguage":"en-GB","@id":"https:\/\/gt-himmel.com\/#\/schema\/logo\/image\/","url":"https:\/\/gt-himmel.com\/wp-content\/uploads\/2021\/09\/gth-logo-xl-500.png","contentUrl":"https:\/\/gt-himmel.com\/wp-content\/uploads\/2021\/09\/gth-logo-xl-500.png","width":500,"height":217,"caption":"Gastechnik Himmel GmbH"},"image":{"@id":"https:\/\/gt-himmel.com\/#\/schema\/logo\/image\/"}}]}},"_links":{"self":[{"href":"https:\/\/gt-himmel.com\/en\/wp-json\/wp\/v2\/pages\/52369","targetHints":{"allow":["GET"]}}],"collection":[{"href":"https:\/\/gt-himmel.com\/en\/wp-json\/wp\/v2\/pages"}],"about":[{"href":"https:\/\/gt-himmel.com\/en\/wp-json\/wp\/v2\/types\/page"}],"author":[{"embeddable":true,"href":"https:\/\/gt-himmel.com\/en\/wp-json\/wp\/v2\/users\/1"}],"replies":[{"embeddable":true,"href":"https:\/\/gt-himmel.com\/en\/wp-json\/wp\/v2\/comments?post=52369"}],"version-history":[{"count":13,"href":"https:\/\/gt-himmel.com\/en\/wp-json\/wp\/v2\/pages\/52369\/revisions"}],"predecessor-version":[{"id":56254,"href":"https:\/\/gt-himmel.com\/en\/wp-json\/wp\/v2\/pages\/52369\/revisions\/56254"}],"wp:attachment":[{"href":"https:\/\/gt-himmel.com\/en\/wp-json\/wp\/v2\/media?parent=52369"}],"curies":[{"name":"wp","href":"https:\/\/api.w.org\/{rel}","templated":true}]}}