{"id":52825,"date":"2025-03-28T16:26:20","date_gmt":"2025-03-28T15:26:20","guid":{"rendered":"https:\/\/gt-himmel.com\/?page_id=52825"},"modified":"2026-03-17T08:12:44","modified_gmt":"2026-03-17T07:12:44","slug":"certifications","status":"publish","type":"page","link":"https:\/\/gt-himmel.com\/en\/zertifizierungen\/","title":{"rendered":"Certifications"},"content":{"rendered":"<div data-elementor-type=\"wp-page\" data-elementor-id=\"52825\" class=\"elementor elementor-52825\" data-elementor-post-type=\"page\">\n\t\t\t\t<div class=\"elementor-element elementor-element-5e5e5c5 e-con-full e-flex e-con e-parent\" data-id=\"5e5e5c5\" data-element_type=\"container\" data-e-type=\"container\">\n\t\t<div class=\"elementor-element elementor-element-fe8ad0b e-con-full e-flex e-con e-child\" data-id=\"fe8ad0b\" data-element_type=\"container\" data-e-type=\"container\">\n\t\t\t\t<div class=\"elementor-element elementor-element-190fce0 elementor-widget elementor-widget-image\" data-id=\"190fce0\" data-element_type=\"widget\" data-e-type=\"widget\" data-widget_type=\"image.default\">\n\t\t\t\t\t\t\t\t\t\t\t\t\t\t\t<img decoding=\"async\" width=\"72\" height=\"72\" src=\"https:\/\/gt-himmel.com\/wp-content\/uploads\/2022\/11\/icon-72x72-1.png\" class=\"attachment-large size-large wp-image-53241\" alt=\"Stylized icon with a sky and a mountain in blue and yellow colors.\" \/>\t\t\t\t\t\t\t\t\t\t\t\t\t\t\t<\/div>\n\t\t\t\t<div class=\"elementor-element elementor-element-11fcb7d elementor-widget elementor-widget-qi_addons_for_elementor_section_title\" data-id=\"11fcb7d\" data-element_type=\"widget\" data-e-type=\"widget\" data-widget_type=\"qi_addons_for_elementor_section_title.default\">\n\t\t\t\t<div class=\"elementor-widget-container\">\n\t\t\t\t\t<div class=\"qodef-shortcode qodef-m qodef-qi-section-title qodef-decoration--italic qodef-link--underline-draw qodef-subtitle-icon--left\">\n\t\t\t\t<p class=\"qodef-m-subtitle\">\n\t\tFind the current certificates of Gastechnik Himmel here.\t\t\t<\/p>\n\t\t\t<h1 class=\"qodef-m-title\">\n\t\tOur certifications\t<\/h1>\n\t\t\t<\/div>\n\t\t\t\t<\/div>\n\t\t\t\t<\/div>\n\t\t<div class=\"elementor-element elementor-element-f04cf9d e-con-full e-flex e-con e-child\" data-id=\"f04cf9d\" data-element_type=\"container\" data-e-type=\"container\" data-no-translation=\"\">\n\t\t<div class=\"elementor-element elementor-element-1074e50 e-con-full e-flex e-con e-child\" data-id=\"1074e50\" data-element_type=\"container\" data-e-type=\"container\">\n\t\t\t\t<div class=\"elementor-element elementor-element-ca8eb8f elementor-widget elementor-widget-image\" data-id=\"ca8eb8f\" data-element_type=\"widget\" data-e-type=\"widget\" data-widget_type=\"image.default\">\n\t\t\t\t\t\t\t\t\t\t\t\t\t\t\t\t<a href=\"https:\/\/gt-himmel.com\/wp-content\/uploads\/2025\/03\/Fuehrungsbestaetigung-2025.pdf\" target=\"_blank\">\n\t\t\t\t\t\t\t<img fetchpriority=\"high\" decoding=\"async\" width=\"533\" height=\"754\" src=\"https:\/\/gt-himmel.com\/wp-content\/uploads\/2025\/03\/ankoe-2025.jpg\" class=\"attachment-full size-full wp-image-55783\" alt=\"F\u00fchrungsbest\u00e4tigung von ANK\u00d6 f\u00fcr Gastechnik Himmel GmbH mit Details zur Eignung und Firmendaten.\" srcset=\"https:\/\/gt-himmel.com\/wp-content\/uploads\/2025\/03\/ankoe-2025.jpg 533w, https:\/\/gt-himmel.com\/wp-content\/uploads\/2025\/03\/ankoe-2025-212x300.jpg 212w\" sizes=\"(max-width: 533px) 100vw, 533px\" \/>\t\t\t\t\t\t\t\t<\/a>\n\t\t\t\t\t\t\t\t\t\t\t\t\t\t\t<\/div>\n\t\t\t\t<div class=\"elementor-element elementor-element-0723bb4 elementor-widget elementor-widget-heading\" data-id=\"0723bb4\" data-element_type=\"widget\" data-e-type=\"widget\" data-widget_type=\"heading.default\">\n\t\t\t\t\t<h6 class=\"elementor-heading-title elementor-size-default\">ANK\u00d6<br> F\u00fchrungsbest\u00e4tigung 2025<\/h6>\t\t\t\t<\/div>\n\t\t\t\t<\/div>\n\t\t<div class=\"elementor-element elementor-element-13a7f7e e-con-full e-flex e-con e-child\" data-id=\"13a7f7e\" data-element_type=\"container\" data-e-type=\"container\">\n\t\t\t\t<div class=\"elementor-element elementor-element-e84aad6 elementor-widget elementor-widget-image\" data-id=\"e84aad6\" data-element_type=\"widget\" data-e-type=\"widget\" data-widget_type=\"image.default\">\n\t\t\t\t\t\t\t\t\t\t\t\t\t\t\t\t<a href=\"https:\/\/gt-himmel.com\/wp-content\/uploads\/2025\/07\/25-KJU-EX240_Zertifikat_HP0_de_en.pdf\" target=\"_blank\">\n\t\t\t\t\t\t\t<img decoding=\"async\" width=\"533\" height=\"758\" src=\"https:\/\/gt-himmel.com\/wp-content\/uploads\/2025\/07\/ZERT_AD_2000-Merkblatt_HP0.jpg\" class=\"attachment-full size-full wp-image-56400\" alt=\"Zertifikat von T\u00dcV Austria f\u00fcr Gasttechnik Himmel GmbH mit Details zur Norm AD 2000-Merkblatt HP0.\" srcset=\"https:\/\/gt-himmel.com\/wp-content\/uploads\/2025\/07\/ZERT_AD_2000-Merkblatt_HP0.jpg 533w, https:\/\/gt-himmel.com\/wp-content\/uploads\/2025\/07\/ZERT_AD_2000-Merkblatt_HP0-211x300.jpg 211w, https:\/\/gt-himmel.com\/wp-content\/uploads\/2025\/07\/ZERT_AD_2000-Merkblatt_HP0-8x12.jpg 8w\" sizes=\"(max-width: 533px) 100vw, 533px\" \/>\t\t\t\t\t\t\t\t<\/a>\n\t\t\t\t\t\t\t\t\t\t\t\t\t\t\t<\/div>\n\t\t\t\t<div class=\"elementor-element elementor-element-d9338f5 elementor-widget elementor-widget-heading\" data-id=\"d9338f5\" data-element_type=\"widget\" data-e-type=\"widget\" data-widget_type=\"heading.default\">\n\t\t\t\t\t<h6 class=\"elementor-heading-title elementor-size-default\">Certificate<br> HP0<\/h6>\t\t\t\t<\/div>\n\t\t\t\t<\/div>\n\t\t<div class=\"elementor-element elementor-element-3601bf9 e-con-full e-flex e-con e-child\" data-id=\"3601bf9\" data-element_type=\"container\" data-e-type=\"container\">\n\t\t\t\t<div class=\"elementor-element elementor-element-85e8382 elementor-widget elementor-widget-image\" data-id=\"85e8382\" data-element_type=\"widget\" data-e-type=\"widget\" data-widget_type=\"image.default\">\n\t\t\t\t\t\t\t\t\t\t\t\t\t\t\t\t<a href=\"https:\/\/gt-himmel.com\/wp-content\/uploads\/2025\/07\/25-KJU-EX240_EN_1090_WPK_en.pdf\" target=\"_blank\">\n\t\t\t\t\t\t\t<img loading=\"lazy\" decoding=\"async\" width=\"533\" height=\"754\" src=\"https:\/\/gt-himmel.com\/wp-content\/uploads\/2025\/07\/CERT_EN_1090-1_2009plusA1_2011.jpg\" class=\"attachment-full size-full wp-image-56404\" alt=\"Zertifikat von T\u00dcV Austria zur Konformit\u00e4t der Produktionsst\u00e4tte mit EN 1090-1:2009+A1:2011.\" srcset=\"https:\/\/gt-himmel.com\/wp-content\/uploads\/2025\/07\/CERT_EN_1090-1_2009plusA1_2011.jpg 533w, https:\/\/gt-himmel.com\/wp-content\/uploads\/2025\/07\/CERT_EN_1090-1_2009plusA1_2011-212x300.jpg 212w, https:\/\/gt-himmel.com\/wp-content\/uploads\/2025\/07\/CERT_EN_1090-1_2009plusA1_2011-8x12.jpg 8w\" sizes=\"(max-width: 533px) 100vw, 533px\" \/>\t\t\t\t\t\t\t\t<\/a>\n\t\t\t\t\t\t\t\t\t\t\t\t\t\t\t<\/div>\n\t\t\t\t<div class=\"elementor-element elementor-element-578abd4 elementor-widget elementor-widget-heading\" data-id=\"578abd4\" data-element_type=\"widget\" data-e-type=\"widget\" data-widget_type=\"heading.default\">\n\t\t\t\t\t<h6 class=\"elementor-heading-title elementor-size-default\">Certificate <br>EN 1090<\/h6>\t\t\t\t<\/div>\n\t\t\t\t<\/div>\n\t\t<div class=\"elementor-element elementor-element-c152be7 e-con-full e-flex e-con e-child\" data-id=\"c152be7\" data-element_type=\"container\" data-e-type=\"container\">\n\t\t\t\t<div class=\"elementor-element elementor-element-09e579a elementor-widget elementor-widget-image\" data-id=\"09e579a\" data-element_type=\"widget\" data-e-type=\"widget\" data-widget_type=\"image.default\">\n\t\t\t\t\t\t\t\t\t\t\t\t\t\t\t\t<a href=\"https:\/\/gt-himmel.com\/wp-content\/uploads\/2025\/07\/25-KJU-EX240_EN_1090_SWZE_en.pdf\" target=\"_blank\">\n\t\t\t\t\t\t\t<img loading=\"lazy\" decoding=\"async\" width=\"533\" height=\"753\" src=\"https:\/\/gt-himmel.com\/wp-content\/uploads\/2025\/07\/CERT_welding.jpg\" class=\"attachment-full size-full wp-image-56406\" alt=\"Zertifikat f\u00fcr Schwei\u00dfarbeiten mit Details zu Ausf\u00fchrung und verantwortlichem Schwei\u00dfer.\" srcset=\"https:\/\/gt-himmel.com\/wp-content\/uploads\/2025\/07\/CERT_welding.jpg 533w, https:\/\/gt-himmel.com\/wp-content\/uploads\/2025\/07\/CERT_welding-212x300.jpg 212w, https:\/\/gt-himmel.com\/wp-content\/uploads\/2025\/07\/CERT_welding-8x12.jpg 8w\" sizes=\"(max-width: 533px) 100vw, 533px\" \/>\t\t\t\t\t\t\t\t<\/a>\n\t\t\t\t\t\t\t\t\t\t\t\t\t\t\t<\/div>\n\t\t\t\t<div class=\"elementor-element elementor-element-dcfa120 elementor-widget elementor-widget-heading\" data-id=\"dcfa120\" data-element_type=\"widget\" data-e-type=\"widget\" data-widget_type=\"heading.default\">\n\t\t\t\t\t<h6 class=\"elementor-heading-title elementor-size-default\">Certificate <br>Welding<\/h6>\t\t\t\t<\/div>\n\t\t\t\t<\/div>\n\t\t\t\t<\/div>\n\t\t<div class=\"elementor-element elementor-element-afea1f1 e-con-full e-flex e-con e-child\" data-id=\"afea1f1\" data-element_type=\"container\" data-e-type=\"container\" data-no-translation=\"\">\n\t\t<div class=\"elementor-element elementor-element-19471fe e-con-full e-flex e-con e-child\" data-id=\"19471fe\" data-element_type=\"container\" data-e-type=\"container\">\n\t\t\t\t<div class=\"elementor-element elementor-element-e398361 elementor-widget elementor-widget-image\" data-id=\"e398361\" data-element_type=\"widget\" data-e-type=\"widget\" data-widget_type=\"image.default\">\n\t\t\t\t\t\t\t\t\t\t\t\t\t\t\t\t<a href=\"https:\/\/gt-himmel.com\/wp-content\/uploads\/2025\/07\/25-KJU-EX240_EN_ISO_3834_en.pdf\" target=\"_blank\">\n\t\t\t\t\t\t\t<img loading=\"lazy\" decoding=\"async\" width=\"533\" height=\"755\" src=\"https:\/\/gt-himmel.com\/wp-content\/uploads\/2025\/07\/CERT_EN_ISO_3834-2.jpg\" class=\"attachment-full size-full wp-image-56408\" alt=\"Zertifikat von T\u00dcV Austria, das die Einhaltung der EN ISO 3834-2 f\u00fcr Gastechnik Himmel GmbH best\u00e4tigt.\" srcset=\"https:\/\/gt-himmel.com\/wp-content\/uploads\/2025\/07\/CERT_EN_ISO_3834-2.jpg 533w, https:\/\/gt-himmel.com\/wp-content\/uploads\/2025\/07\/CERT_EN_ISO_3834-2-212x300.jpg 212w, https:\/\/gt-himmel.com\/wp-content\/uploads\/2025\/07\/CERT_EN_ISO_3834-2-8x12.jpg 8w\" sizes=\"(max-width: 533px) 100vw, 533px\" \/>\t\t\t\t\t\t\t\t<\/a>\n\t\t\t\t\t\t\t\t\t\t\t\t\t\t\t<\/div>\n\t\t\t\t<div class=\"elementor-element elementor-element-bcc1109 elementor-widget elementor-widget-heading\" data-id=\"bcc1109\" data-element_type=\"widget\" data-e-type=\"widget\" data-widget_type=\"heading.default\">\n\t\t\t\t\t<h6 class=\"elementor-heading-title elementor-size-default\">\u00d6NORM<br>EN ISO 3834-2<\/h6>\t\t\t\t<\/div>\n\t\t\t\t<\/div>\n\t\t<div class=\"elementor-element elementor-element-f3fe188 e-con-full e-flex e-con e-child\" data-id=\"f3fe188\" data-element_type=\"container\" data-e-type=\"container\">\n\t\t\t\t<div class=\"elementor-element elementor-element-bc9fef7 elementor-widget elementor-widget-image\" data-id=\"bc9fef7\" data-element_type=\"widget\" data-e-type=\"widget\" data-widget_type=\"image.default\">\n\t\t\t\t\t\t\t\t\t\t\t\t\t\t\t\t<a href=\"https:\/\/gt-himmel.com\/wp-content\/uploads\/2025\/07\/25-TR-ERY-EX240_Zertifikat_EN_13084-7_WPK_en.pdf\" target=\"_blank\">\n\t\t\t\t\t\t\t<img loading=\"lazy\" decoding=\"async\" width=\"533\" height=\"753\" src=\"https:\/\/gt-himmel.com\/wp-content\/uploads\/2025\/07\/CERT_freestanding_chimneys.jpg\" class=\"attachment-full size-full wp-image-56405\" alt=\"Zertifikat f\u00fcr die Konformit\u00e4t von freistehenden Schornsteinen mit den entsprechenden Normen.\" srcset=\"https:\/\/gt-himmel.com\/wp-content\/uploads\/2025\/07\/CERT_freestanding_chimneys.jpg 533w, https:\/\/gt-himmel.com\/wp-content\/uploads\/2025\/07\/CERT_freestanding_chimneys-212x300.jpg 212w, https:\/\/gt-himmel.com\/wp-content\/uploads\/2025\/07\/CERT_freestanding_chimneys-8x12.jpg 8w\" sizes=\"(max-width: 533px) 100vw, 533px\" \/>\t\t\t\t\t\t\t\t<\/a>\n\t\t\t\t\t\t\t\t\t\t\t\t\t\t\t<\/div>\n\t\t\t\t<div class=\"elementor-element elementor-element-1020a6b elementor-widget elementor-widget-heading\" data-id=\"1020a6b\" data-element_type=\"widget\" data-e-type=\"widget\" data-widget_type=\"heading.default\">\n\t\t\t\t\t<h6 class=\"elementor-heading-title elementor-size-default\">\u00d6NORM<br> EN 13084-7:2012<\/h6>\t\t\t\t<\/div>\n\t\t\t\t<\/div>\n\t\t<div class=\"elementor-element elementor-element-52bef72 e-con-full e-flex e-con e-child\" data-id=\"52bef72\" data-element_type=\"container\" data-e-type=\"container\">\n\t\t\t\t<div class=\"elementor-element elementor-element-a679704 elementor-widget elementor-widget-image\" data-id=\"a679704\" data-element_type=\"widget\" data-e-type=\"widget\" data-widget_type=\"image.default\">\n\t\t\t\t\t\t\t\t\t\t\t\t\t\t\t\t<a href=\"https:\/\/gt-himmel.com\/wp-content\/uploads\/2022\/11\/IWS-Schweissspezialist-Holzinger.pdf\" target=\"_blank\">\n\t\t\t\t\t\t\t<img loading=\"lazy\" decoding=\"async\" width=\"721\" height=\"1024\" src=\"https:\/\/gt-himmel.com\/wp-content\/uploads\/2022\/11\/zerti-iws-schweissspezialist-721x1024.jpg\" class=\"attachment-large size-large wp-image-52813\" alt=\"Diplom des Internationalen Schwei\u00dfinstituts mit Angaben zum Inhaber und Datum.\" srcset=\"https:\/\/gt-himmel.com\/wp-content\/uploads\/2022\/11\/zerti-iws-schweissspezialist-721x1024.jpg 721w, https:\/\/gt-himmel.com\/wp-content\/uploads\/2022\/11\/zerti-iws-schweissspezialist-211x300.jpg 211w, https:\/\/gt-himmel.com\/wp-content\/uploads\/2022\/11\/zerti-iws-schweissspezialist-768x1090.jpg 768w, https:\/\/gt-himmel.com\/wp-content\/uploads\/2022\/11\/zerti-iws-schweissspezialist.jpg 801w\" sizes=\"(max-width: 721px) 100vw, 721px\" \/>\t\t\t\t\t\t\t\t<\/a>\n\t\t\t\t\t\t\t\t\t\t\t\t\t\t\t<\/div>\n\t\t\t\t<div class=\"elementor-element elementor-element-f4c449b elementor-widget elementor-widget-heading\" data-id=\"f4c449b\" data-element_type=\"widget\" data-e-type=\"widget\" data-widget_type=\"heading.default\">\n\t\t\t\t\t<h6 class=\"elementor-heading-title elementor-size-default\">Certificate <br>IWS Welding specialist<\/h6>\t\t\t\t<\/div>\n\t\t\t\t<\/div>\n\t\t<div class=\"elementor-element elementor-element-e47a189 e-con-full e-flex e-con e-child\" data-id=\"e47a189\" data-element_type=\"container\" data-e-type=\"container\">\n\t\t\t\t<div class=\"elementor-element elementor-element-ce0a0e1 elementor-widget elementor-widget-image\" data-id=\"ce0a0e1\" data-element_type=\"widget\" data-e-type=\"widget\" data-widget_type=\"image.default\">\n\t\t\t\t\t\t\t\t\t\t\t\t\t\t\t\t<a href=\"https:\/\/gt-himmel.com\/wp-content\/uploads\/2022\/11\/Zeugnis-Holzinger-Schweisswerkmeister.pdf\" target=\"_blank\">\n\t\t\t\t\t\t\t<img loading=\"lazy\" decoding=\"async\" width=\"719\" height=\"1024\" src=\"https:\/\/gt-himmel.com\/wp-content\/uploads\/2022\/11\/Schweisswerkmeister-zeugnis-719x1024.jpg\" class=\"attachment-large size-large wp-image-52810\" alt=\"Zertifikat f\u00fcr Matthias Holzinger, Schwei\u00dfwerkmeister, ausgestellt am 24. Januar 2022.\" srcset=\"https:\/\/gt-himmel.com\/wp-content\/uploads\/2022\/11\/Schweisswerkmeister-zeugnis-719x1024.jpg 719w, https:\/\/gt-himmel.com\/wp-content\/uploads\/2022\/11\/Schweisswerkmeister-zeugnis-211x300.jpg 211w, https:\/\/gt-himmel.com\/wp-content\/uploads\/2022\/11\/Schweisswerkmeister-zeugnis-768x1093.jpg 768w, https:\/\/gt-himmel.com\/wp-content\/uploads\/2022\/11\/Schweisswerkmeister-zeugnis.jpg 798w\" sizes=\"(max-width: 719px) 100vw, 719px\" \/>\t\t\t\t\t\t\t\t<\/a>\n\t\t\t\t\t\t\t\t\t\t\t\t\t\t\t<\/div>\n\t\t\t\t<div class=\"elementor-element elementor-element-519ce0f elementor-widget elementor-widget-heading\" data-id=\"519ce0f\" data-element_type=\"widget\" data-e-type=\"widget\" data-widget_type=\"heading.default\">\n\t\t\t\t\t<h6 class=\"elementor-heading-title elementor-size-default\">Report <br>Welding master workman<\/h6>\t\t\t\t<\/div>\n\t\t\t\t<\/div>\n\t\t\t\t<\/div>\n\t\t\t\t<\/div>\n\t\t\t\t<\/div>\n\t\t\t\t<\/div>","protected":false},"excerpt":{"rendered":"<p>Finden Sie hier die aktuellen Zertifikate der Gastechnik Himmel. Unsere Zertifizierungen ANK\u00d6 F\u00fchrungsbest\u00e4tigung 2026 Zertifikat HP0 Zertifikat EN 1090 Zertifikat Schwei\u00dftechnik ANK\u00d6 F\u00fchrungsbest\u00e4tigung 2025 Certificate HP0 Certificate EN 1090 Certificate Welding \u00d6NORMEN ISO 3834-2 \u00d6NORM EN 13084-7:2012 Zertifikat IWS Schwei\u00dfspezialist Zeugnis Schwei\u00dfwerkmeister \u00d6NORMEN ISO 3834-2 \u00d6NORM EN 13084-7:2012 Certificate IWS Welding specialist Report Welding master&hellip; <a class=\"continue\" href=\"https:\/\/gt-himmel.com\/en\/zertifizierungen\/\">Read more<span> Certifications<\/span><\/a><\/p>","protected":false},"author":1,"featured_media":0,"parent":0,"menu_order":0,"comment_status":"closed","ping_status":"closed","template":"","meta":{"footnotes":""},"class_list":["post-52825","page","type-page","status-publish","hentry"],"yoast_head":"<!-- This site is optimized with the Yoast SEO plugin v27.3 - https:\/\/yoast.com\/product\/yoast-seo-wordpress\/ -->\n<title>Zertifizierungen - Gastechnik Himmel GmbH<\/title>\n<meta name=\"description\" content=\"Hier finden Sie die aktuellen Zertifikate der Gastechnik Himmel. F\u00fcr Fragen stehen wir gerne zur Verf\u00fcgung!\" \/>\n<meta name=\"robots\" content=\"index, follow, max-snippet:-1, max-image-preview:large, max-video-preview:-1\" \/>\n<link rel=\"canonical\" href=\"https:\/\/gt-himmel.com\/en\/certifications\/\" \/>\n<meta property=\"og:locale\" content=\"en_GB\" \/>\n<meta property=\"og:type\" content=\"article\" \/>\n<meta property=\"og:title\" content=\"Zertifizierungen - Gastechnik Himmel GmbH\" \/>\n<meta property=\"og:description\" content=\"Hier finden Sie die aktuellen Zertifikate der Gastechnik Himmel. F\u00fcr Fragen stehen wir gerne zur Verf\u00fcgung!\" \/>\n<meta property=\"og:url\" content=\"https:\/\/gt-himmel.com\/en\/certifications\/\" \/>\n<meta property=\"og:site_name\" content=\"Gastechnik Himmel GmbH\" \/>\n<meta property=\"article:modified_time\" content=\"2026-03-17T07:12:44+00:00\" \/>\n<meta property=\"og:image\" content=\"https:\/\/gt-himmel.com\/wp-content\/uploads\/2022\/11\/icon-72x72-1.png\" \/>\n\t<meta property=\"og:image:width\" content=\"72\" \/>\n\t<meta property=\"og:image:height\" content=\"72\" \/>\n\t<meta property=\"og:image:type\" content=\"image\/png\" \/>\n<meta name=\"twitter:card\" content=\"summary_large_image\" \/>\n<meta name=\"twitter:label1\" content=\"Estimated reading time\" \/>\n\t<meta name=\"twitter:data1\" content=\"1 minute\" \/>\n<script type=\"application\/ld+json\" class=\"yoast-schema-graph\">{\"@context\":\"https:\\\/\\\/schema.org\",\"@graph\":[{\"@type\":\"WebPage\",\"@id\":\"https:\\\/\\\/gt-himmel.com\\\/zertifizierungen\\\/\",\"url\":\"https:\\\/\\\/gt-himmel.com\\\/zertifizierungen\\\/\",\"name\":\"Zertifizierungen - Gastechnik Himmel GmbH\",\"isPartOf\":{\"@id\":\"https:\\\/\\\/gt-himmel.com\\\/#website\"},\"primaryImageOfPage\":{\"@id\":\"https:\\\/\\\/gt-himmel.com\\\/zertifizierungen\\\/#primaryimage\"},\"image\":{\"@id\":\"https:\\\/\\\/gt-himmel.com\\\/zertifizierungen\\\/#primaryimage\"},\"thumbnailUrl\":\"https:\\\/\\\/gt-himmel.com\\\/wp-content\\\/uploads\\\/2022\\\/11\\\/icon-72x72-1.png\",\"datePublished\":\"2025-03-28T15:26:20+00:00\",\"dateModified\":\"2026-03-17T07:12:44+00:00\",\"description\":\"Hier finden Sie die aktuellen Zertifikate der Gastechnik Himmel. F\u00fcr Fragen stehen wir gerne zur Verf\u00fcgung!\",\"breadcrumb\":{\"@id\":\"https:\\\/\\\/gt-himmel.com\\\/zertifizierungen\\\/#breadcrumb\"},\"inLanguage\":\"en-GB\",\"potentialAction\":[{\"@type\":\"ReadAction\",\"target\":[\"https:\\\/\\\/gt-himmel.com\\\/zertifizierungen\\\/\"]}]},{\"@type\":\"ImageObject\",\"inLanguage\":\"en-GB\",\"@id\":\"https:\\\/\\\/gt-himmel.com\\\/zertifizierungen\\\/#primaryimage\",\"url\":\"https:\\\/\\\/gt-himmel.com\\\/wp-content\\\/uploads\\\/2022\\\/11\\\/icon-72x72-1.png\",\"contentUrl\":\"https:\\\/\\\/gt-himmel.com\\\/wp-content\\\/uploads\\\/2022\\\/11\\\/icon-72x72-1.png\"},{\"@type\":\"BreadcrumbList\",\"@id\":\"https:\\\/\\\/gt-himmel.com\\\/zertifizierungen\\\/#breadcrumb\",\"itemListElement\":[{\"@type\":\"ListItem\",\"position\":1,\"name\":\"Startseite\",\"item\":\"https:\\\/\\\/gt-himmel.com\\\/\"},{\"@type\":\"ListItem\",\"position\":2,\"name\":\"Zertifizierungen\"}]},{\"@type\":\"WebSite\",\"@id\":\"https:\\\/\\\/gt-himmel.com\\\/#website\",\"url\":\"https:\\\/\\\/gt-himmel.com\\\/\",\"name\":\"Gastechnik Himmel GmbH\",\"description\":\"\",\"publisher\":{\"@id\":\"https:\\\/\\\/gt-himmel.com\\\/#organization\"},\"potentialAction\":[{\"@type\":\"SearchAction\",\"target\":{\"@type\":\"EntryPoint\",\"urlTemplate\":\"https:\\\/\\\/gt-himmel.com\\\/?s={search_term_string}\"},\"query-input\":{\"@type\":\"PropertyValueSpecification\",\"valueRequired\":true,\"valueName\":\"search_term_string\"}}],\"inLanguage\":\"en-GB\"},{\"@type\":\"Organization\",\"@id\":\"https:\\\/\\\/gt-himmel.com\\\/#organization\",\"name\":\"Gastechnik Himmel GmbH\",\"url\":\"https:\\\/\\\/gt-himmel.com\\\/\",\"logo\":{\"@type\":\"ImageObject\",\"inLanguage\":\"en-GB\",\"@id\":\"https:\\\/\\\/gt-himmel.com\\\/#\\\/schema\\\/logo\\\/image\\\/\",\"url\":\"https:\\\/\\\/gt-himmel.com\\\/wp-content\\\/uploads\\\/2021\\\/09\\\/gth-logo-xl-500.png\",\"contentUrl\":\"https:\\\/\\\/gt-himmel.com\\\/wp-content\\\/uploads\\\/2021\\\/09\\\/gth-logo-xl-500.png\",\"width\":500,\"height\":217,\"caption\":\"Gastechnik Himmel GmbH\"},\"image\":{\"@id\":\"https:\\\/\\\/gt-himmel.com\\\/#\\\/schema\\\/logo\\\/image\\\/\"}}]}<\/script>\n<!-- \/ Yoast SEO plugin. -->","yoast_head_json":{"title":"Certifications - Gastechnik Himmel GmbH","description":"Here you can find the current certificates of Gastechnik Himmel. We are happy to answer any questions you may have!","robots":{"index":"index","follow":"follow","max-snippet":"max-snippet:-1","max-image-preview":"max-image-preview:large","max-video-preview":"max-video-preview:-1"},"canonical":"https:\/\/gt-himmel.com\/en\/certifications\/","og_locale":"en_GB","og_type":"article","og_title":"Zertifizierungen - Gastechnik Himmel GmbH","og_description":"Hier finden Sie die aktuellen Zertifikate der Gastechnik Himmel. F\u00fcr Fragen stehen wir gerne zur Verf\u00fcgung!","og_url":"https:\/\/gt-himmel.com\/en\/certifications\/","og_site_name":"Gastechnik Himmel GmbH","article_modified_time":"2026-03-17T07:12:44+00:00","og_image":[{"width":72,"height":72,"url":"https:\/\/gt-himmel.com\/wp-content\/uploads\/2022\/11\/icon-72x72-1.png","type":"image\/png"}],"twitter_card":"summary_large_image","twitter_misc":{"Estimated reading time":"1 minute"},"schema":{"@context":"https:\/\/schema.org","@graph":[{"@type":"WebPage","@id":"https:\/\/gt-himmel.com\/zertifizierungen\/","url":"https:\/\/gt-himmel.com\/zertifizierungen\/","name":"Certifications - Gastechnik Himmel GmbH","isPartOf":{"@id":"https:\/\/gt-himmel.com\/#website"},"primaryImageOfPage":{"@id":"https:\/\/gt-himmel.com\/zertifizierungen\/#primaryimage"},"image":{"@id":"https:\/\/gt-himmel.com\/zertifizierungen\/#primaryimage"},"thumbnailUrl":"https:\/\/gt-himmel.com\/wp-content\/uploads\/2022\/11\/icon-72x72-1.png","datePublished":"2025-03-28T15:26:20+00:00","dateModified":"2026-03-17T07:12:44+00:00","description":"Here you can find the current certificates of Gastechnik Himmel. We are happy to answer any questions you may have!","breadcrumb":{"@id":"https:\/\/gt-himmel.com\/zertifizierungen\/#breadcrumb"},"inLanguage":"en-GB","potentialAction":[{"@type":"ReadAction","target":["https:\/\/gt-himmel.com\/zertifizierungen\/"]}]},{"@type":"ImageObject","inLanguage":"en-GB","@id":"https:\/\/gt-himmel.com\/zertifizierungen\/#primaryimage","url":"https:\/\/gt-himmel.com\/wp-content\/uploads\/2022\/11\/icon-72x72-1.png","contentUrl":"https:\/\/gt-himmel.com\/wp-content\/uploads\/2022\/11\/icon-72x72-1.png"},{"@type":"BreadcrumbList","@id":"https:\/\/gt-himmel.com\/zertifizierungen\/#breadcrumb","itemListElement":[{"@type":"ListItem","position":1,"name":"Startseite","item":"https:\/\/gt-himmel.com\/"},{"@type":"ListItem","position":2,"name":"Zertifizierungen"}]},{"@type":"WebSite","@id":"https:\/\/gt-himmel.com\/#website","url":"https:\/\/gt-himmel.com\/","name":"Gastechnik Himmel GmbH","description":"","publisher":{"@id":"https:\/\/gt-himmel.com\/#organization"},"potentialAction":[{"@type":"SearchAction","target":{"@type":"EntryPoint","urlTemplate":"https:\/\/gt-himmel.com\/?s={search_term_string}"},"query-input":{"@type":"PropertyValueSpecification","valueRequired":true,"valueName":"search_term_string"}}],"inLanguage":"en-GB"},{"@type":"Organization","@id":"https:\/\/gt-himmel.com\/#organization","name":"Gastechnik Himmel GmbH","url":"https:\/\/gt-himmel.com\/","logo":{"@type":"ImageObject","inLanguage":"en-GB","@id":"https:\/\/gt-himmel.com\/#\/schema\/logo\/image\/","url":"https:\/\/gt-himmel.com\/wp-content\/uploads\/2021\/09\/gth-logo-xl-500.png","contentUrl":"https:\/\/gt-himmel.com\/wp-content\/uploads\/2021\/09\/gth-logo-xl-500.png","width":500,"height":217,"caption":"Gastechnik Himmel GmbH"},"image":{"@id":"https:\/\/gt-himmel.com\/#\/schema\/logo\/image\/"}}]}},"_links":{"self":[{"href":"https:\/\/gt-himmel.com\/en\/wp-json\/wp\/v2\/pages\/52825","targetHints":{"allow":["GET"]}}],"collection":[{"href":"https:\/\/gt-himmel.com\/en\/wp-json\/wp\/v2\/pages"}],"about":[{"href":"https:\/\/gt-himmel.com\/en\/wp-json\/wp\/v2\/types\/page"}],"author":[{"embeddable":true,"href":"https:\/\/gt-himmel.com\/en\/wp-json\/wp\/v2\/users\/1"}],"replies":[{"embeddable":true,"href":"https:\/\/gt-himmel.com\/en\/wp-json\/wp\/v2\/comments?post=52825"}],"version-history":[{"count":63,"href":"https:\/\/gt-himmel.com\/en\/wp-json\/wp\/v2\/pages\/52825\/revisions"}],"predecessor-version":[{"id":56900,"href":"https:\/\/gt-himmel.com\/en\/wp-json\/wp\/v2\/pages\/52825\/revisions\/56900"}],"wp:attachment":[{"href":"https:\/\/gt-himmel.com\/en\/wp-json\/wp\/v2\/media?parent=52825"}],"curies":[{"name":"wp","href":"https:\/\/api.w.org\/{rel}","templated":true}]}}